{"id":1756,"date":"2020-05-25T22:19:58","date_gmt":"2020-05-25T20:19:58","guid":{"rendered":"https:\/\/famholmsten.se\/?page_id=1756"},"modified":"2023-02-13T21:31:15","modified_gmt":"2023-02-13T20:31:15","slug":"hallstahammar","status":"publish","type":"page","link":"https:\/\/famholmsten.se\/290kommuner\/290kommuner\/vastmanlands-lan\/hallstahammar\/","title":{"rendered":"Hallstahammar"},"content":{"rendered":"\n<p>Vi bes\u00f6kte platsen 15 maj 2020, d\u00e5 blev det fel topp.<br>Vi bes\u00f6kte platsen 22 juli 2022.<\/p>\n\n\n\n<p>22 juli 2022, vi fick helt enkelt g\u00f6ra ett nytt f\u00f6rs\u00f6k d\u00e5 vi r\u00e5kat \u00e5ka till fel punkt. Vi fick ett mail av en av v\u00e5ra f\u00f6ljare p\u00e5 Instagram som uppm\u00e4rksammade oss p\u00e5 detta, tack \ud83d\ude42 Det blev en enkel vandring genom vacker natur, massvis med goda bl\u00e5b\u00e4r. Regnet b\u00f6rjade precis n\u00e4r vi klev ur bilen s\u00e5 det fick bli en bl\u00f6t promenad med regnkl\u00e4derna p\u00e5. P\u00e5 toppen fanns ett tydligt r\u00f6se som markerade den h\u00f6gsta punkten.<\/p>\n\n\n\n<p>15 maj 2020: Detta blev helgens f\u00f6rsta kommuntopp att bes\u00f6ka, enkel promenad l\u00e4ngs med grusv\u00e4g och d\u00e4refter en kortare bit i terr\u00e4ng. Det g\u00e4ller att komma in fr\u00e5n r\u00e4tt h\u00e5ll d\u00e5 det ligger privata tomter \u00e5t olika h\u00e5ll.<br>Ingen utsikt och inget speciellt med platsen.<\/p>\n\n\n\n<figure class=\"wp-block-image size-large is-resized\"><img fetchpriority=\"high\" decoding=\"async\" src=\"https:\/\/famholmsten.se\/290kommuner\/wp-content\/uploads\/2020\/05\/20200515_182541-1024x1024.jpg\" alt=\"\" class=\"wp-image-1757\" width=\"289\" height=\"289\" srcset=\"https:\/\/famholmsten.se\/290kommuner\/wp-content\/uploads\/2020\/05\/20200515_182541-1024x1024.jpg 1024w, https:\/\/famholmsten.se\/290kommuner\/wp-content\/uploads\/2020\/05\/20200515_182541-300x300.jpg 300w, https:\/\/famholmsten.se\/290kommuner\/wp-content\/uploads\/2020\/05\/20200515_182541-150x150.jpg 150w, https:\/\/famholmsten.se\/290kommuner\/wp-content\/uploads\/2020\/05\/20200515_182541-1536x1536.jpg 1536w, https:\/\/famholmsten.se\/290kommuner\/wp-content\/uploads\/2020\/05\/20200515_182541-2048x2048.jpg 2048w\" sizes=\"(max-width: 289px) 100vw, 289px\" \/><figcaption>Toppselfie fr\u00e5n fel topp i kommunen.<\/figcaption><\/figure>\n\n\n\n<figure class=\"wp-block-gallery has-nested-images columns-default is-cropped wp-block-gallery-1 is-layout-flex wp-block-gallery-is-layout-flex\">\n<figure class=\"wp-block-image size-large\"><a href=\"https:\/\/famholmsten.se\/290kommuner\/wp-content\/uploads\/2023\/02\/20220722_190049.jpg\"><img decoding=\"async\" width=\"4032\" height=\"3024\" data-id=\"4360\" src=\"https:\/\/famholmsten.se\/290kommuner\/wp-content\/uploads\/2023\/02\/20220722_190049.jpg\" alt=\"\" class=\"wp-image-4360\"\/><\/a><\/figure>\n\n\n\n<figure class=\"wp-block-image size-large\"><a href=\"https:\/\/famholmsten.se\/290kommuner\/wp-content\/uploads\/2023\/02\/20220722_185934.jpg\"><img decoding=\"async\" width=\"4032\" height=\"3024\" data-id=\"4361\" src=\"https:\/\/famholmsten.se\/290kommuner\/wp-content\/uploads\/2023\/02\/20220722_185934.jpg\" alt=\"\" class=\"wp-image-4361\"\/><\/a><\/figure>\n\n\n\n<figure class=\"wp-block-image size-large\"><a href=\"https:\/\/famholmsten.se\/290kommuner\/wp-content\/uploads\/2023\/02\/20220722_185928.jpg\"><img loading=\"lazy\" decoding=\"async\" width=\"4032\" height=\"3024\" data-id=\"4359\" src=\"https:\/\/famholmsten.se\/290kommuner\/wp-content\/uploads\/2023\/02\/20220722_185928.jpg\" alt=\"\" class=\"wp-image-4359\"\/><\/a><\/figure>\n\n\n\n<figure class=\"wp-block-image size-large\"><a href=\"https:\/\/famholmsten.se\/290kommuner\/wp-content\/uploads\/2023\/02\/20220722_185917.jpg\"><img loading=\"lazy\" decoding=\"async\" width=\"2944\" height=\"2208\" data-id=\"4358\" src=\"https:\/\/famholmsten.se\/290kommuner\/wp-content\/uploads\/2023\/02\/20220722_185917.jpg\" alt=\"\" class=\"wp-image-4358\"\/><\/a><\/figure>\n<\/figure>\n\n\n<div class=\"leaflet-map WPLeafletMap\" style=\"height:400px; width:100%;\"><\/div><script>\nwindow.WPLeafletMapPlugin = window.WPLeafletMapPlugin || [];\nwindow.WPLeafletMapPlugin.push(function WPLeafletMapShortcode() {\/*<script>*\/\nvar baseUrl = atob('aHR0cHM6Ly97c30udGlsZS5vcGVuc3RyZWV0bWFwLm9yZy97en0ve3h9L3t5fS5wbmc=');\nvar base = (!baseUrl && window.MQ) ?\n    window.MQ.mapLayer() : L.tileLayer(baseUrl,\n        L.Util.extend({}, {\n            detectRetina: 0,\n        },\n        {\"subdomains\":\"abc\",\"accessToken\":\"pk.eyJ1IjoiZmFtaG9sbXN0ZW4iLCJhIjoiY2s2c2M5dDBpMGUwcTNlcXZocTl0ZGUxNSJ9.1ors-ho_4ccmezHFnyP0zQ\",\"noWrap\":false,\"maxZoom\":20}        )\n    );\n    var options = L.Util.extend({}, {\n        layers: [base],\n        attributionControl: false\n    },\n    {\"zoomControl\":true,\"scrollWheelZoom\":false,\"doubleClickZoom\":false,\"fitBounds\":true,\"minZoom\":0,\"maxZoom\":20,\"maxBounds\":null,\"attribution\":\"<a href=\\\"http:\\\/\\\/leafletjs.com\\\" title=\\\"A JS library for interactive maps\\\">Leaflet<\\\/a>; \\u00a9 <a href=\\\"http:\\\/\\\/www.openstreetmap.org\\\/copyright\\\">OpenStreetMap<\\\/a> contributors\"},\n    {});\nwindow.WPLeafletMapPlugin.createMap(options).setView([59.678668333333,16.263666666667],12);});<\/script>\n<script>\nwindow.WPLeafletMapPlugin = window.WPLeafletMapPlugin || [];\nwindow.WPLeafletMapPlugin.push(function WPLeafletMarkerShortcode() {\/*<script>*\/\nvar map = window.WPLeafletMapPlugin.getCurrentMap();\nvar group = window.WPLeafletMapPlugin.getCurrentGroup();\nvar marker_options = window.WPLeafletMapPlugin.getIconOptions({});\nvar marker = L.marker(\n    [59.678668333333,16.263666666667],\n    marker_options\n);\nvar is_image = map.is_image_map;\nif (marker_options.draggable) {\n    marker.on('dragend', function () {\n        var latlng = this.getLatLng();\n        var lat = latlng.lat;\n        var lng = latlng.lng;\n        if (is_image) {\n            console.log('leaflet-marker y=' + lat + ' x=' + lng);\n        } else {\n            console.log('leaflet-marker lat=' + lat + ' lng=' + lng);\n        }\n    });\n}\nmarker.addTo( group );\nmarker.bindPopup(window.WPLeafletMapPlugin.unescape('Hallstahammar'));window.WPLeafletMapPlugin.markers.push( marker );\n        });<\/script>\n<script>\nwindow.WPLeafletMapPlugin = window.WPLeafletMapPlugin || [];\nwindow.WPLeafletMapPlugin.push(function WPLeafletCircleShortcode() {\/*<script>*\/\nvar previous_map = window.WPLeafletMapPlugin.getCurrentMap();\nvar group = window.WPLeafletMapPlugin.getCurrentGroup();\nvar fitbounds = 0;\nvar is_image = previous_map.is_image_map;\nvar lat = 59.678668333333;\nvar lng = 16.263666666667;\nvar radius = 100;\n\/\/ update lat lng to previous map's center\nif (!lat && !lng && !is_image) {\n    var map_center = previous_map.getCenter();\n    lat = map_center.lat;\n    lng = map_center.lng;\n}\nvar circle = L.circle([lat, lng], {radius: radius});\ncircle.setStyle({\"opacity\":0,\"fillOpacity\":0,\"radius\":100});\ncircle.addTo( group );\nwindow.WPLeafletMapPlugin.circles.push( circle );\nif (fitbounds) {\n    \/\/ zoom the map to the polyline\n    previous_map.fitBounds( circle.getBounds() );\n}});<\/script>\n<table width='100%'><tr>\n<td>Highpoint: <a href='https:\/\/minkarta.lantmateriet.se\/plats\/3006\/v1.0\/?e=571164&n=6616304&z=12&mapprofile=bergodal&background=3&boundaries=false&category=highpoint&name=Hallstahammar'>N6616304 E571164<\/a><\/td><td><div align=center>@famholmsten<\/div><\/td><td>&nbsp;<\/td>\n<\/tr><\/table>\n\n","protected":false},"excerpt":{"rendered":"<p>Vi bes\u00f6kte platsen 15 maj 2020, d\u00e5 blev det fel topp.Vi bes\u00f6kte platsen 22 juli 2022. 22 juli 2022, vi fick helt enkelt g\u00f6ra ett nytt f\u00f6rs\u00f6k&hellip;<\/p>\n<p> <a class=\"more-link\" href=\"https:\/\/famholmsten.se\/290kommuner\/290kommuner\/vastmanlands-lan\/hallstahammar\/\">L\u00e4s mer<\/a><\/p>\n","protected":false},"author":1,"featured_media":0,"parent":743,"menu_order":30,"comment_status":"closed","ping_status":"closed","template":"","meta":{"footnotes":""},"class_list":["post-1756","page","type-page","status-publish"],"_links":{"self":[{"href":"https:\/\/famholmsten.se\/290kommuner\/wp-json\/wp\/v2\/pages\/1756","targetHints":{"allow":["GET"]}}],"collection":[{"href":"https:\/\/famholmsten.se\/290kommuner\/wp-json\/wp\/v2\/pages"}],"about":[{"href":"https:\/\/famholmsten.se\/290kommuner\/wp-json\/wp\/v2\/types\/page"}],"author":[{"embeddable":true,"href":"https:\/\/famholmsten.se\/290kommuner\/wp-json\/wp\/v2\/users\/1"}],"replies":[{"embeddable":true,"href":"https:\/\/famholmsten.se\/290kommuner\/wp-json\/wp\/v2\/comments?post=1756"}],"version-history":[{"count":3,"href":"https:\/\/famholmsten.se\/290kommuner\/wp-json\/wp\/v2\/pages\/1756\/revisions"}],"predecessor-version":[{"id":4400,"href":"https:\/\/famholmsten.se\/290kommuner\/wp-json\/wp\/v2\/pages\/1756\/revisions\/4400"}],"up":[{"embeddable":true,"href":"https:\/\/famholmsten.se\/290kommuner\/wp-json\/wp\/v2\/pages\/743"}],"wp:attachment":[{"href":"https:\/\/famholmsten.se\/290kommuner\/wp-json\/wp\/v2\/media?parent=1756"}],"curies":[{"name":"wp","href":"https:\/\/api.w.org\/{rel}","templated":true}]}}