{"id":1881,"date":"2020-08-02T15:40:00","date_gmt":"2020-08-02T13:40:00","guid":{"rendered":"https:\/\/famholmsten.se\/?page_id=1881"},"modified":"2023-12-15T19:23:45","modified_gmt":"2023-12-15T18:23:45","slug":"odshog-hjassan","status":"publish","type":"page","link":"https:\/\/famholmsten.se\/290kommuner\/290kommuner\/ostergotlands-lan\/odshog-hjassan\/","title":{"rendered":"\u00d6desh\u00f6g &#8211; Hj\u00e4ssan"},"content":{"rendered":"\n<p>Vi bes\u00f6kte platsen 9 juli 2020.<\/p>\n\n\n\n<p>En m\u00e4ktig plats med utsikt \u00f6ver sl\u00e4tterna och V\u00e4ttern. Fin och l\u00e4ttvandrad grusv\u00e4g till toppen.<br>D\u00e4r fanns \u00e4ven ett f\u00e5geltorn och bra med plats f\u00f6r m\u00e5nga bes\u00f6kare.  Vackert v\u00e4der lockade m\u00e5nga bes\u00f6kare till platsen med b\u00e5de picknickkorg och lek just den h\u00e4r dagen. Vi bes\u00f6kte platsen tillsammans med goda v\u00e4nner som bor i \u00d6sterg\u00f6tland.<\/p>\n\n\n\n<figure class=\"wp-block-image size-large is-resized\"><img fetchpriority=\"high\" decoding=\"async\" src=\"https:\/\/famholmsten.se\/290kommuner\/wp-content\/uploads\/2020\/08\/\u00d61-1024x1024.jpg\" alt=\"\" class=\"wp-image-1882\" width=\"280\" height=\"280\" srcset=\"https:\/\/famholmsten.se\/290kommuner\/wp-content\/uploads\/2020\/08\/\u00d61-1024x1024.jpg 1024w, https:\/\/famholmsten.se\/290kommuner\/wp-content\/uploads\/2020\/08\/\u00d61-300x300.jpg 300w, https:\/\/famholmsten.se\/290kommuner\/wp-content\/uploads\/2020\/08\/\u00d61-150x150.jpg 150w, https:\/\/famholmsten.se\/290kommuner\/wp-content\/uploads\/2020\/08\/\u00d61-1536x1536.jpg 1536w, https:\/\/famholmsten.se\/290kommuner\/wp-content\/uploads\/2020\/08\/\u00d61-2048x2048.jpg 2048w\" sizes=\"(max-width: 280px) 100vw, 280px\" \/><figcaption>Fin utsikt<\/figcaption><\/figure>\n\n\n\n<figure class=\"wp-block-image size-large is-resized\"><img decoding=\"async\" src=\"https:\/\/famholmsten.se\/290kommuner\/wp-content\/uploads\/2020\/08\/\u00d63-1024x1024.jpg\" alt=\"\" class=\"wp-image-1884\" width=\"281\" height=\"281\" srcset=\"https:\/\/famholmsten.se\/290kommuner\/wp-content\/uploads\/2020\/08\/\u00d63-1024x1024.jpg 1024w, https:\/\/famholmsten.se\/290kommuner\/wp-content\/uploads\/2020\/08\/\u00d63-300x300.jpg 300w, https:\/\/famholmsten.se\/290kommuner\/wp-content\/uploads\/2020\/08\/\u00d63-150x150.jpg 150w, https:\/\/famholmsten.se\/290kommuner\/wp-content\/uploads\/2020\/08\/\u00d63-1536x1536.jpg 1536w, https:\/\/famholmsten.se\/290kommuner\/wp-content\/uploads\/2020\/08\/\u00d63-2048x2048.jpg 2048w\" sizes=\"(max-width: 281px) 100vw, 281px\" \/><figcaption>V\u00e4ttern<\/figcaption><\/figure>\n\n\n\n<figure class=\"wp-block-image size-large is-resized\"><img decoding=\"async\" src=\"https:\/\/famholmsten.se\/290kommuner\/wp-content\/uploads\/2020\/08\/\u00d62-1024x1024.jpg\" alt=\"\" class=\"wp-image-1883\" width=\"191\" height=\"191\" srcset=\"https:\/\/famholmsten.se\/290kommuner\/wp-content\/uploads\/2020\/08\/\u00d62-1024x1024.jpg 1024w, https:\/\/famholmsten.se\/290kommuner\/wp-content\/uploads\/2020\/08\/\u00d62-300x300.jpg 300w, https:\/\/famholmsten.se\/290kommuner\/wp-content\/uploads\/2020\/08\/\u00d62-150x150.jpg 150w, https:\/\/famholmsten.se\/290kommuner\/wp-content\/uploads\/2020\/08\/\u00d62-1536x1536.jpg 1536w, https:\/\/famholmsten.se\/290kommuner\/wp-content\/uploads\/2020\/08\/\u00d62-2048x2048.jpg 2048w\" sizes=\"(max-width: 191px) 100vw, 191px\" \/><figcaption>En kort bit fr\u00e5n parkeringen finns enligt ok\u00e4nd k\u00e4lla Sveriges h\u00f6gsta tr\u00e4d. Avg\u00f6r sj\u00e4lv! \ud83d\ude42<br><\/figcaption><\/figure>\n\n\n<div class=\"leaflet-map WPLeafletMap\" style=\"height:400px; width:100%;\"><\/div><script>\nwindow.WPLeafletMapPlugin = window.WPLeafletMapPlugin || [];\nwindow.WPLeafletMapPlugin.push(function WPLeafletMapShortcode() {\/*<script>*\/\nvar baseUrl = atob('aHR0cHM6Ly97c30udGlsZS5vcGVuc3RyZWV0bWFwLm9yZy97en0ve3h9L3t5fS5wbmc=');\nvar base = (!baseUrl && window.MQ) ?\n    window.MQ.mapLayer() : L.tileLayer(baseUrl,\n        L.Util.extend({}, {\n            detectRetina: 0,\n        },\n        {\"subdomains\":\"abc\",\"accessToken\":\"pk.eyJ1IjoiZmFtaG9sbXN0ZW4iLCJhIjoiY2s2c2M5dDBpMGUwcTNlcXZocTl0ZGUxNSJ9.1ors-ho_4ccmezHFnyP0zQ\",\"noWrap\":false,\"maxZoom\":20}        )\n    );\n    var options = L.Util.extend({}, {\n        layers: [base],\n        attributionControl: false\n    },\n    {\"zoomControl\":true,\"scrollWheelZoom\":false,\"doubleClickZoom\":false,\"fitBounds\":true,\"minZoom\":0,\"maxZoom\":20,\"maxBounds\":null,\"attribution\":\"<a href=\\\"http:\\\/\\\/leafletjs.com\\\" title=\\\"A JS library for interactive maps\\\">Leaflet<\\\/a>; \\u00a9 <a href=\\\"http:\\\/\\\/www.openstreetmap.org\\\/copyright\\\">OpenStreetMap<\\\/a> contributors\"},\n    {});\nwindow.WPLeafletMapPlugin.createMap(options).setView([58.306616666667,14.64825],12);});<\/script>\n<script>\nwindow.WPLeafletMapPlugin = window.WPLeafletMapPlugin || [];\nwindow.WPLeafletMapPlugin.push(function WPLeafletMarkerShortcode() {\/*<script>*\/\nvar map = window.WPLeafletMapPlugin.getCurrentMap();\nvar group = window.WPLeafletMapPlugin.getCurrentGroup();\nvar marker_options = window.WPLeafletMapPlugin.getIconOptions({});\nvar marker = L.marker(\n    [58.306616666667,14.64825],\n    marker_options\n);\nvar is_image = map.is_image_map;\nif (marker_options.draggable) {\n    marker.on('dragend', function () {\n        var latlng = this.getLatLng();\n        var lat = latlng.lat;\n        var lng = latlng.lng;\n        if (is_image) {\n            console.log('leaflet-marker y=' + lat + ' x=' + lng);\n        } else {\n            console.log('leaflet-marker lat=' + lat + ' lng=' + lng);\n        }\n    });\n}\nmarker.addTo( group );\nmarker.bindPopup(window.WPLeafletMapPlugin.unescape('\u00d6desh\u00f6g'));window.WPLeafletMapPlugin.markers.push( marker );\n        });<\/script>\n<script>\nwindow.WPLeafletMapPlugin = window.WPLeafletMapPlugin || [];\nwindow.WPLeafletMapPlugin.push(function WPLeafletCircleShortcode() {\/*<script>*\/\nvar previous_map = window.WPLeafletMapPlugin.getCurrentMap();\nvar group = window.WPLeafletMapPlugin.getCurrentGroup();\nvar fitbounds = 0;\nvar is_image = previous_map.is_image_map;\nvar lat = 58.306616666667;\nvar lng = 14.64825;\nvar radius = 100;\n\/\/ update lat lng to previous map's center\nif (!lat && !lng && !is_image) {\n    var map_center = previous_map.getCenter();\n    lat = map_center.lat;\n    lng = map_center.lng;\n}\nvar circle = L.circle([lat, lng], {radius: radius});\ncircle.setStyle({\"opacity\":0,\"fillOpacity\":0,\"radius\":100});\ncircle.addTo( group );\nwindow.WPLeafletMapPlugin.circles.push( circle );\nif (fitbounds) {\n    \/\/ zoom the map to the polyline\n    previous_map.fitBounds( circle.getBounds() );\n}});<\/script>\n<script>\nwindow.WPLeafletMapPlugin = window.WPLeafletMapPlugin || [];\nwindow.WPLeafletMapPlugin.push(function WPLeafletMarkerShortcode() {\/*<script>*\/\nvar map = window.WPLeafletMapPlugin.getCurrentMap();\nvar group = window.WPLeafletMapPlugin.getCurrentGroup();\nvar marker_options = window.WPLeafletMapPlugin.getIconOptions({\"iconUrl\":\"\\\/hp\\\/parking.svg\",\"iconSize\":\"32,32\",\"iconAnchor\":\"16,32\"});\nvar marker = L.marker(\n    [58.309833333333,14.6543],\n    marker_options\n);\nvar is_image = map.is_image_map;\nif (marker_options.draggable) {\n    marker.on('dragend', function () {\n        var latlng = this.getLatLng();\n        var lat = latlng.lat;\n        var lng = latlng.lng;\n        if (is_image) {\n            console.log('leaflet-marker y=' + lat + ' x=' + lng);\n        } else {\n            console.log('leaflet-marker lat=' + lat + ' lng=' + lng);\n        }\n    });\n}\nmarker.addTo( group );\nmarker.bindPopup(window.WPLeafletMapPlugin.unescape('parkering'));window.WPLeafletMapPlugin.markers.push( marker );\n        });<\/script>\n<script>\nwindow.WPLeafletMapPlugin = window.WPLeafletMapPlugin || [];\nwindow.WPLeafletMapPlugin.push(function WPLeafletCircleShortcode() {\/*<script>*\/\nvar previous_map = window.WPLeafletMapPlugin.getCurrentMap();\nvar group = window.WPLeafletMapPlugin.getCurrentGroup();\nvar fitbounds = 0;\nvar is_image = previous_map.is_image_map;\nvar lat = 58.309833333333;\nvar lng = 14.6543;\nvar radius = 50;\n\/\/ update lat lng to previous map's center\nif (!lat && !lng && !is_image) {\n    var map_center = previous_map.getCenter();\n    lat = map_center.lat;\n    lng = map_center.lng;\n}\nvar circle = L.circle([lat, lng], {radius: radius});\ncircle.setStyle({\"opacity\":0,\"fillOpacity\":0,\"radius\":50});\ncircle.addTo( group );\nwindow.WPLeafletMapPlugin.circles.push( circle );\nif (fitbounds) {\n    \/\/ zoom the map to the polyline\n    previous_map.fitBounds( circle.getBounds() );\n}});<\/script>\n<table width='100%'><tr>\n<td>Highpoint: <a href='https:\/\/minkarta.lantmateriet.se\/plats\/3006\/v1.0\/?e=479386&n=6462901&z=12&mapprofile=bergodal&background=3&boundaries=false&category=highpoint&name=\u00d6desh\u00f6g'>N6462901 E479386<\/a><\/td><td><div align=center>@famholmsten<\/div><\/td><td><div align='right'>Parkering: <a href='https:\/\/minkarta.lantmateriet.se\/plats\/3006\/v1.0\/?e=479743&n=6463258&z=12&mapprofile=bergodal&background=3&boundaries=false&category=parking&name=\u00d6desh\u00f6g'>N6463258 E479743<\/a><\/div><\/td>\n<\/tr><\/table>\n\n","protected":false},"excerpt":{"rendered":"<p>Vi bes\u00f6kte platsen 9 juli 2020. En m\u00e4ktig plats med utsikt \u00f6ver sl\u00e4tterna och V\u00e4ttern. Fin och l\u00e4ttvandrad grusv\u00e4g till toppen.D\u00e4r fanns \u00e4ven ett f\u00e5geltorn och bra&hellip;<\/p>\n<p> <a class=\"more-link\" href=\"https:\/\/famholmsten.se\/290kommuner\/290kommuner\/ostergotlands-lan\/odshog-hjassan\/\">L\u00e4s mer<\/a><\/p>\n","protected":false},"author":1,"featured_media":0,"parent":739,"menu_order":130,"comment_status":"closed","ping_status":"closed","template":"","meta":{"footnotes":""},"class_list":["post-1881","page","type-page","status-publish"],"_links":{"self":[{"href":"https:\/\/famholmsten.se\/290kommuner\/wp-json\/wp\/v2\/pages\/1881","targetHints":{"allow":["GET"]}}],"collection":[{"href":"https:\/\/famholmsten.se\/290kommuner\/wp-json\/wp\/v2\/pages"}],"about":[{"href":"https:\/\/famholmsten.se\/290kommuner\/wp-json\/wp\/v2\/types\/page"}],"author":[{"embeddable":true,"href":"https:\/\/famholmsten.se\/290kommuner\/wp-json\/wp\/v2\/users\/1"}],"replies":[{"embeddable":true,"href":"https:\/\/famholmsten.se\/290kommuner\/wp-json\/wp\/v2\/comments?post=1881"}],"version-history":[{"count":1,"href":"https:\/\/famholmsten.se\/290kommuner\/wp-json\/wp\/v2\/pages\/1881\/revisions"}],"predecessor-version":[{"id":4731,"href":"https:\/\/famholmsten.se\/290kommuner\/wp-json\/wp\/v2\/pages\/1881\/revisions\/4731"}],"up":[{"embeddable":true,"href":"https:\/\/famholmsten.se\/290kommuner\/wp-json\/wp\/v2\/pages\/739"}],"wp:attachment":[{"href":"https:\/\/famholmsten.se\/290kommuner\/wp-json\/wp\/v2\/media?parent=1881"}],"curies":[{"name":"wp","href":"https:\/\/api.w.org\/{rel}","templated":true}]}}