{"id":2216,"date":"2021-01-04T18:51:14","date_gmt":"2021-01-04T17:51:14","guid":{"rendered":"https:\/\/famholmsten.se\/?page_id=2216"},"modified":"2024-04-06T15:05:20","modified_gmt":"2024-04-06T13:05:20","slug":"orebro-tomasbodahojden","status":"publish","type":"page","link":"https:\/\/famholmsten.se\/290kommuner\/290kommuner\/orebro-lan\/orebro-tomasbodahojden\/","title":{"rendered":"\u00d6rebro &#8211; Tomasbodah\u00f6jden"},"content":{"rendered":"\n<p>Vi bes\u00f6kte platsen 14 november 2020.<\/p>\n\n\n\n<p>Kommun nummer 100 av 290! Wow! Vilken lycka!<br>Vi valde platsen med omsorg, och fick en fulltr\u00e4ff. Vi hade packat utrustning f\u00f6r att kunna sova en natt. Fr\u00e5n parkeringen vandrade vi i m\u00f6rkret med pannlampor och kom fram till Kilsbergsstugan d\u00e4r vi t\u00e4ltade precis vid vindskyddet.<br>M\u00e4ktigt att stanna till vid kapellet och f\u00e5 en tid i harmoni.<br>Dimman l\u00e5g t\u00e4t hela kv\u00e4llen och natten, \u00e4ven p\u00e5 morgonen.<br>N\u00e4r vi vaknat och packat ihop b\u00f6rjade vi den korta vandringen till toppen och m\u00f6ttes av en fin plats med konstverk och iordninggjorda sittplatser. Tyv\u00e4rr hade vi inte v\u00e4dret p\u00e5 v\u00e5r sida men det blev \u00e4nd\u00e5 ett minne f\u00f6r livet!<\/p>\n\n\n\n<figure class=\"wp-block-image size-large\"><img fetchpriority=\"high\" decoding=\"async\" width=\"1024\" height=\"1024\" src=\"https:\/\/famholmsten.se\/290kommuner\/wp-content\/uploads\/2021\/01\/20201114_110332-1024x1024.jpg\" alt=\"\" class=\"wp-image-2217\" srcset=\"https:\/\/famholmsten.se\/290kommuner\/wp-content\/uploads\/2021\/01\/20201114_110332-1024x1024.jpg 1024w, https:\/\/famholmsten.se\/290kommuner\/wp-content\/uploads\/2021\/01\/20201114_110332-300x300.jpg 300w, https:\/\/famholmsten.se\/290kommuner\/wp-content\/uploads\/2021\/01\/20201114_110332-150x150.jpg 150w, https:\/\/famholmsten.se\/290kommuner\/wp-content\/uploads\/2021\/01\/20201114_110332-1536x1536.jpg 1536w, https:\/\/famholmsten.se\/290kommuner\/wp-content\/uploads\/2021\/01\/20201114_110332-2048x2048.jpg 2048w\" sizes=\"(max-width: 1024px) 100vw, 1024px\" \/><\/figure>\n\n\n\n<figure class=\"wp-block-image size-large\"><img decoding=\"async\" width=\"1024\" height=\"1024\" src=\"https:\/\/famholmsten.se\/290kommuner\/wp-content\/uploads\/2021\/01\/Orebro2-1024x1024.jpg\" alt=\"\" class=\"wp-image-2219\" srcset=\"https:\/\/famholmsten.se\/290kommuner\/wp-content\/uploads\/2021\/01\/Orebro2-1024x1024.jpg 1024w, https:\/\/famholmsten.se\/290kommuner\/wp-content\/uploads\/2021\/01\/Orebro2-300x300.jpg 300w, https:\/\/famholmsten.se\/290kommuner\/wp-content\/uploads\/2021\/01\/Orebro2-150x150.jpg 150w, https:\/\/famholmsten.se\/290kommuner\/wp-content\/uploads\/2021\/01\/Orebro2-1536x1536.jpg 1536w, https:\/\/famholmsten.se\/290kommuner\/wp-content\/uploads\/2021\/01\/Orebro2-2048x2048.jpg 2048w\" sizes=\"(max-width: 1024px) 100vw, 1024px\" \/><\/figure>\n\n\n\n<figure class=\"wp-block-image size-large\"><img decoding=\"async\" width=\"1024\" height=\"1024\" src=\"https:\/\/famholmsten.se\/290kommuner\/wp-content\/uploads\/2021\/01\/Orebro3-1024x1024.jpg\" alt=\"\" class=\"wp-image-2220\" srcset=\"https:\/\/famholmsten.se\/290kommuner\/wp-content\/uploads\/2021\/01\/Orebro3-1024x1024.jpg 1024w, https:\/\/famholmsten.se\/290kommuner\/wp-content\/uploads\/2021\/01\/Orebro3-300x300.jpg 300w, https:\/\/famholmsten.se\/290kommuner\/wp-content\/uploads\/2021\/01\/Orebro3-150x150.jpg 150w, https:\/\/famholmsten.se\/290kommuner\/wp-content\/uploads\/2021\/01\/Orebro3-1536x1536.jpg 1536w, https:\/\/famholmsten.se\/290kommuner\/wp-content\/uploads\/2021\/01\/Orebro3-2048x2048.jpg 2048w\" sizes=\"(max-width: 1024px) 100vw, 1024px\" \/><figcaption>Kapellet<\/figcaption><\/figure>\n\n\n\n<figure class=\"wp-block-image size-large\"><img loading=\"lazy\" decoding=\"async\" width=\"1024\" height=\"1024\" src=\"https:\/\/famholmsten.se\/290kommuner\/wp-content\/uploads\/2021\/01\/Orebro4-1024x1024.jpg\" alt=\"\" class=\"wp-image-2221\" srcset=\"https:\/\/famholmsten.se\/290kommuner\/wp-content\/uploads\/2021\/01\/Orebro4-1024x1024.jpg 1024w, https:\/\/famholmsten.se\/290kommuner\/wp-content\/uploads\/2021\/01\/Orebro4-300x300.jpg 300w, https:\/\/famholmsten.se\/290kommuner\/wp-content\/uploads\/2021\/01\/Orebro4-150x150.jpg 150w, https:\/\/famholmsten.se\/290kommuner\/wp-content\/uploads\/2021\/01\/Orebro4-1536x1536.jpg 1536w, https:\/\/famholmsten.se\/290kommuner\/wp-content\/uploads\/2021\/01\/Orebro4-2048x2048.jpg 2048w\" sizes=\"(max-width: 1024px) 100vw, 1024px\" \/><figcaption>Mysigt<\/figcaption><\/figure>\n\n\n\n<figure class=\"wp-block-image size-large\"><img loading=\"lazy\" decoding=\"async\" width=\"1024\" height=\"1024\" src=\"https:\/\/famholmsten.se\/290kommuner\/wp-content\/uploads\/2021\/01\/Orebro1-1024x1024.jpg\" alt=\"\" class=\"wp-image-2222\" srcset=\"https:\/\/famholmsten.se\/290kommuner\/wp-content\/uploads\/2021\/01\/Orebro1-1024x1024.jpg 1024w, https:\/\/famholmsten.se\/290kommuner\/wp-content\/uploads\/2021\/01\/Orebro1-300x300.jpg 300w, https:\/\/famholmsten.se\/290kommuner\/wp-content\/uploads\/2021\/01\/Orebro1-150x150.jpg 150w, https:\/\/famholmsten.se\/290kommuner\/wp-content\/uploads\/2021\/01\/Orebro1-1536x1536.jpg 1536w, https:\/\/famholmsten.se\/290kommuner\/wp-content\/uploads\/2021\/01\/Orebro1-2048x2048.jpg 2048w\" sizes=\"(max-width: 1024px) 100vw, 1024px\" \/><figcaption>Highpoint<\/figcaption><\/figure>\n\n\n\n<p><br><div class=\"leaflet-map WPLeafletMap\" style=\"height:400px; width:100%;\"><\/div><script>\nwindow.WPLeafletMapPlugin = window.WPLeafletMapPlugin || [];\nwindow.WPLeafletMapPlugin.push(function WPLeafletMapShortcode() {\/*<script>*\/\nvar baseUrl = atob('aHR0cHM6Ly97c30udGlsZS5vcGVuc3RyZWV0bWFwLm9yZy97en0ve3h9L3t5fS5wbmc=');\nvar base = (!baseUrl && window.MQ) ?\n    window.MQ.mapLayer() : L.tileLayer(baseUrl,\n        L.Util.extend({}, {\n            detectRetina: 0,\n        },\n        {\"subdomains\":\"abc\",\"accessToken\":\"pk.eyJ1IjoiZmFtaG9sbXN0ZW4iLCJhIjoiY2s2c2M5dDBpMGUwcTNlcXZocTl0ZGUxNSJ9.1ors-ho_4ccmezHFnyP0zQ\",\"noWrap\":false,\"maxZoom\":20}        )\n    );\n    var options = L.Util.extend({}, {\n        layers: [base],\n        attributionControl: false\n    },\n    {\"zoomControl\":true,\"scrollWheelZoom\":false,\"doubleClickZoom\":false,\"fitBounds\":true,\"minZoom\":0,\"maxZoom\":20,\"maxBounds\":null,\"attribution\":\"<a href=\\\"http:\\\/\\\/leafletjs.com\\\" title=\\\"A JS library for interactive maps\\\">Leaflet<\\\/a>; \\u00a9 <a href=\\\"http:\\\/\\\/www.openstreetmap.org\\\/copyright\\\">OpenStreetMap<\\\/a> contributors\"},\n    {});\nwindow.WPLeafletMapPlugin.createMap(options).setView([59.384266666667,14.972083333333],12);});<\/script>\n<script>\nwindow.WPLeafletMapPlugin = window.WPLeafletMapPlugin || [];\nwindow.WPLeafletMapPlugin.push(function WPLeafletMarkerShortcode() {\/*<script>*\/\nvar map = window.WPLeafletMapPlugin.getCurrentMap();\nvar group = window.WPLeafletMapPlugin.getCurrentGroup();\nvar marker_options = window.WPLeafletMapPlugin.getIconOptions({});\nvar marker = L.marker(\n    [59.384266666667,14.972083333333],\n    marker_options\n);\nvar is_image = map.is_image_map;\nif (marker_options.draggable) {\n    marker.on('dragend', function () {\n        var latlng = this.getLatLng();\n        var lat = latlng.lat;\n        var lng = latlng.lng;\n        if (is_image) {\n            console.log('leaflet-marker y=' + lat + ' x=' + lng);\n        } else {\n            console.log('leaflet-marker lat=' + lat + ' lng=' + lng);\n        }\n    });\n}\nmarker.addTo( group );\nmarker.bindPopup(window.WPLeafletMapPlugin.unescape('\u00d6rebro'));window.WPLeafletMapPlugin.markers.push( marker );\n        });<\/script>\n<script>\nwindow.WPLeafletMapPlugin = window.WPLeafletMapPlugin || [];\nwindow.WPLeafletMapPlugin.push(function WPLeafletCircleShortcode() {\/*<script>*\/\nvar previous_map = window.WPLeafletMapPlugin.getCurrentMap();\nvar group = window.WPLeafletMapPlugin.getCurrentGroup();\nvar fitbounds = 0;\nvar is_image = previous_map.is_image_map;\nvar lat = 59.384266666667;\nvar lng = 14.972083333333;\nvar radius = 100;\n\/\/ update lat lng to previous map's center\nif (!lat && !lng && !is_image) {\n    var map_center = previous_map.getCenter();\n    lat = map_center.lat;\n    lng = map_center.lng;\n}\nvar circle = L.circle([lat, lng], {radius: radius});\ncircle.setStyle({\"opacity\":0,\"fillOpacity\":0,\"radius\":100});\ncircle.addTo( group );\nwindow.WPLeafletMapPlugin.circles.push( circle );\nif (fitbounds) {\n    \/\/ zoom the map to the polyline\n    previous_map.fitBounds( circle.getBounds() );\n}});<\/script>\n<script>\nwindow.WPLeafletMapPlugin = window.WPLeafletMapPlugin || [];\nwindow.WPLeafletMapPlugin.push(function WPLeafletMarkerShortcode() {\/*<script>*\/\nvar map = window.WPLeafletMapPlugin.getCurrentMap();\nvar group = window.WPLeafletMapPlugin.getCurrentGroup();\nvar marker_options = window.WPLeafletMapPlugin.getIconOptions({\"iconUrl\":\"\\\/hp\\\/parking.svg\",\"iconSize\":\"32,32\",\"iconAnchor\":\"16,32\"});\nvar marker = L.marker(\n    [59.39665,14.994066666667],\n    marker_options\n);\nvar is_image = map.is_image_map;\nif (marker_options.draggable) {\n    marker.on('dragend', function () {\n        var latlng = this.getLatLng();\n        var lat = latlng.lat;\n        var lng = latlng.lng;\n        if (is_image) {\n            console.log('leaflet-marker y=' + lat + ' x=' + lng);\n        } else {\n            console.log('leaflet-marker lat=' + lat + ' lng=' + lng);\n        }\n    });\n}\nmarker.addTo( group );\nmarker.bindPopup(window.WPLeafletMapPlugin.unescape('parkering'));window.WPLeafletMapPlugin.markers.push( marker );\n        });<\/script>\n<script>\nwindow.WPLeafletMapPlugin = window.WPLeafletMapPlugin || [];\nwindow.WPLeafletMapPlugin.push(function WPLeafletCircleShortcode() {\/*<script>*\/\nvar previous_map = window.WPLeafletMapPlugin.getCurrentMap();\nvar group = window.WPLeafletMapPlugin.getCurrentGroup();\nvar fitbounds = 0;\nvar is_image = previous_map.is_image_map;\nvar lat = 59.39665;\nvar lng = 14.994066666667;\nvar radius = 50;\n\/\/ update lat lng to previous map's center\nif (!lat && !lng && !is_image) {\n    var map_center = previous_map.getCenter();\n    lat = map_center.lat;\n    lng = map_center.lng;\n}\nvar circle = L.circle([lat, lng], {radius: radius});\ncircle.setStyle({\"opacity\":0,\"fillOpacity\":0,\"radius\":50});\ncircle.addTo( group );\nwindow.WPLeafletMapPlugin.circles.push( circle );\nif (fitbounds) {\n    \/\/ zoom the map to the polyline\n    previous_map.fitBounds( circle.getBounds() );\n}});<\/script>\n<table width='100%'><tr>\n<td>Highpoint: <a href='https:\/\/minkarta.lantmateriet.se\/plats\/3006\/v1.0\/?e=498414&n=6582842&z=12&mapprofile=bergodal&background=3&boundaries=false&category=highpoint&name=\u00d6rebro'>N6582842 E498414<\/a><\/td><td><div align=center>@famholmsten<\/div><\/td><td><div align='right'>Parkering: <a href='https:\/\/minkarta.lantmateriet.se\/plats\/3006\/v1.0\/?e=499663&n=6584221&z=12&mapprofile=bergodal&background=3&boundaries=false&category=parking&name=\u00d6rebro'>N6584221 E499663<\/a><\/div><\/td>\n<\/tr><\/table>\n<br><\/p>\n","protected":false},"excerpt":{"rendered":"<p>Vi bes\u00f6kte platsen 14 november 2020. Kommun nummer 100 av 290! Wow! Vilken lycka!Vi valde platsen med omsorg, och fick en fulltr\u00e4ff. Vi hade packat utrustning f\u00f6r&hellip;<\/p>\n<p> <a class=\"more-link\" href=\"https:\/\/famholmsten.se\/290kommuner\/290kommuner\/orebro-lan\/orebro-tomasbodahojden\/\">L\u00e4s mer<\/a><\/p>\n","protected":false},"author":1,"featured_media":0,"parent":741,"menu_order":120,"comment_status":"closed","ping_status":"closed","template":"","meta":{"footnotes":""},"class_list":["post-2216","page","type-page","status-publish"],"_links":{"self":[{"href":"https:\/\/famholmsten.se\/290kommuner\/wp-json\/wp\/v2\/pages\/2216","targetHints":{"allow":["GET"]}}],"collection":[{"href":"https:\/\/famholmsten.se\/290kommuner\/wp-json\/wp\/v2\/pages"}],"about":[{"href":"https:\/\/famholmsten.se\/290kommuner\/wp-json\/wp\/v2\/types\/page"}],"author":[{"embeddable":true,"href":"https:\/\/famholmsten.se\/290kommuner\/wp-json\/wp\/v2\/users\/1"}],"replies":[{"embeddable":true,"href":"https:\/\/famholmsten.se\/290kommuner\/wp-json\/wp\/v2\/comments?post=2216"}],"version-history":[{"count":1,"href":"https:\/\/famholmsten.se\/290kommuner\/wp-json\/wp\/v2\/pages\/2216\/revisions"}],"predecessor-version":[{"id":4778,"href":"https:\/\/famholmsten.se\/290kommuner\/wp-json\/wp\/v2\/pages\/2216\/revisions\/4778"}],"up":[{"embeddable":true,"href":"https:\/\/famholmsten.se\/290kommuner\/wp-json\/wp\/v2\/pages\/741"}],"wp:attachment":[{"href":"https:\/\/famholmsten.se\/290kommuner\/wp-json\/wp\/v2\/media?parent=2216"}],"curies":[{"name":"wp","href":"https:\/\/api.w.org\/{rel}","templated":true}]}}