{"id":2357,"date":"2021-11-17T19:24:00","date_gmt":"2021-11-17T18:24:00","guid":{"rendered":"https:\/\/famholmsten.se\/?page_id=2357"},"modified":"2024-04-06T14:24:20","modified_gmt":"2024-04-06T12:24:20","slug":"hogsby-stockakullen","status":"publish","type":"page","link":"https:\/\/famholmsten.se\/290kommuner\/290kommuner\/kalmar-lan\/hogsby-stockakullen\/","title":{"rendered":"H\u00f6gsby &#8211; Stockakullen"},"content":{"rendered":"\n<p>Vi bes\u00f6kte platsen 17 november 2021.<\/p>\n\n\n\n<p>Inf\u00f6r denna topp pratade vi om v\u00e5ra \u00e4ventyr p\u00e5 P4 Kv\u00e4llspasset. Kul att radio uppm\u00e4rksammade oss och v\u00e5ra \u00e4ventyr.<br><br>Promenaden fr\u00e5n bilen b\u00f6rjade med en lerig skogsv\u00e4g, d\u00e4refter blev det brant uppf\u00f6r. Det var enkelt att se vart den h\u00f6gsta punkten fanns d\u00e5 det fanns en stor sten d\u00e4r.<br><\/p>\n\n\n\n<figure class=\"wp-block-gallery has-nested-images columns-default is-cropped wp-block-gallery-1 is-layout-flex wp-block-gallery-is-layout-flex\">\n<figure class=\"wp-block-image size-large\"><a href=\"https:\/\/famholmsten.se\/290kommuner\/wp-content\/uploads\/2022\/01\/20211117_185025_SM-G973F.jpg\"><img fetchpriority=\"high\" decoding=\"async\" width=\"4032\" height=\"3024\" data-id=\"2588\" src=\"https:\/\/famholmsten.se\/290kommuner\/wp-content\/uploads\/2022\/01\/20211117_185025_SM-G973F.jpg\" alt=\"\" class=\"wp-image-2588\"\/><\/a><\/figure>\n\n\n\n<figure class=\"wp-block-image size-large\"><a href=\"https:\/\/famholmsten.se\/290kommuner\/wp-content\/uploads\/2022\/01\/20211117_184817.jpg\"><img decoding=\"async\" width=\"4032\" height=\"3024\" data-id=\"2589\" src=\"https:\/\/famholmsten.se\/290kommuner\/wp-content\/uploads\/2022\/01\/20211117_184817.jpg\" alt=\"\" class=\"wp-image-2589\"\/><\/a><\/figure>\n\n\n\n<figure class=\"wp-block-image size-large\"><a href=\"https:\/\/famholmsten.se\/290kommuner\/wp-content\/uploads\/2022\/01\/20211117_184321.jpg\"><img decoding=\"async\" width=\"4032\" height=\"3024\" data-id=\"2590\" src=\"https:\/\/famholmsten.se\/290kommuner\/wp-content\/uploads\/2022\/01\/20211117_184321.jpg\" alt=\"\" class=\"wp-image-2590\"\/><\/a><\/figure>\n<\/figure>\n\n\n\n<div class=\"leaflet-map WPLeafletMap\" style=\"height:400px; width:100%;\"><\/div><script>\nwindow.WPLeafletMapPlugin = window.WPLeafletMapPlugin || [];\nwindow.WPLeafletMapPlugin.push(function WPLeafletMapShortcode() {\/*<script>*\/\nvar baseUrl = atob('aHR0cHM6Ly97c30udGlsZS5vcGVuc3RyZWV0bWFwLm9yZy97en0ve3h9L3t5fS5wbmc=');\nvar base = (!baseUrl && window.MQ) ?\n    window.MQ.mapLayer() : L.tileLayer(baseUrl,\n        L.Util.extend({}, {\n            detectRetina: 0,\n        },\n        {\"subdomains\":\"abc\",\"accessToken\":\"pk.eyJ1IjoiZmFtaG9sbXN0ZW4iLCJhIjoiY2s2c2M5dDBpMGUwcTNlcXZocTl0ZGUxNSJ9.1ors-ho_4ccmezHFnyP0zQ\",\"noWrap\":false,\"maxZoom\":20}        )\n    );\n    var options = L.Util.extend({}, {\n        layers: [base],\n        attributionControl: false\n    },\n    {\"zoomControl\":true,\"scrollWheelZoom\":false,\"doubleClickZoom\":false,\"fitBounds\":true,\"minZoom\":0,\"maxZoom\":20,\"maxBounds\":null,\"attribution\":\"<a href=\\\"http:\\\/\\\/leafletjs.com\\\" title=\\\"A JS library for interactive maps\\\">Leaflet<\\\/a>; \\u00a9 <a href=\\\"http:\\\/\\\/www.openstreetmap.org\\\/copyright\\\">OpenStreetMap<\\\/a> contributors\"},\n    {});\nwindow.WPLeafletMapPlugin.createMap(options).setView([57.172933333333,15.58975],12);});<\/script>\n<script>\nwindow.WPLeafletMapPlugin = window.WPLeafletMapPlugin || [];\nwindow.WPLeafletMapPlugin.push(function WPLeafletMarkerShortcode() {\/*<script>*\/\nvar map = window.WPLeafletMapPlugin.getCurrentMap();\nvar group = window.WPLeafletMapPlugin.getCurrentGroup();\nvar marker_options = window.WPLeafletMapPlugin.getIconOptions({});\nvar marker = L.marker(\n    [57.172933333333,15.58975],\n    marker_options\n);\nvar is_image = map.is_image_map;\nif (marker_options.draggable) {\n    marker.on('dragend', function () {\n        var latlng = this.getLatLng();\n        var lat = latlng.lat;\n        var lng = latlng.lng;\n        if (is_image) {\n            console.log('leaflet-marker y=' + lat + ' x=' + lng);\n        } else {\n            console.log('leaflet-marker lat=' + lat + ' lng=' + lng);\n        }\n    });\n}\nmarker.addTo( group );\nmarker.bindPopup(window.WPLeafletMapPlugin.unescape('H\u00f6gsby'));window.WPLeafletMapPlugin.markers.push( marker );\n        });<\/script>\n<script>\nwindow.WPLeafletMapPlugin = window.WPLeafletMapPlugin || [];\nwindow.WPLeafletMapPlugin.push(function WPLeafletCircleShortcode() {\/*<script>*\/\nvar previous_map = window.WPLeafletMapPlugin.getCurrentMap();\nvar group = window.WPLeafletMapPlugin.getCurrentGroup();\nvar fitbounds = 0;\nvar is_image = previous_map.is_image_map;\nvar lat = 57.172933333333;\nvar lng = 15.58975;\nvar radius = 100;\n\/\/ update lat lng to previous map's center\nif (!lat && !lng && !is_image) {\n    var map_center = previous_map.getCenter();\n    lat = map_center.lat;\n    lng = map_center.lng;\n}\nvar circle = L.circle([lat, lng], {radius: radius});\ncircle.setStyle({\"opacity\":0,\"fillOpacity\":0,\"radius\":100});\ncircle.addTo( group );\nwindow.WPLeafletMapPlugin.circles.push( circle );\nif (fitbounds) {\n    \/\/ zoom the map to the polyline\n    previous_map.fitBounds( circle.getBounds() );\n}});<\/script>\n<script>\nwindow.WPLeafletMapPlugin = window.WPLeafletMapPlugin || [];\nwindow.WPLeafletMapPlugin.push(function WPLeafletMarkerShortcode() {\/*<script>*\/\nvar map = window.WPLeafletMapPlugin.getCurrentMap();\nvar group = window.WPLeafletMapPlugin.getCurrentGroup();\nvar marker_options = window.WPLeafletMapPlugin.getIconOptions({\"iconUrl\":\"\\\/hp\\\/parking.svg\",\"iconSize\":\"32,32\",\"iconAnchor\":\"16,32\"});\nvar marker = L.marker(\n    [57.17425,15.592016666667],\n    marker_options\n);\nvar is_image = map.is_image_map;\nif (marker_options.draggable) {\n    marker.on('dragend', function () {\n        var latlng = this.getLatLng();\n        var lat = latlng.lat;\n        var lng = latlng.lng;\n        if (is_image) {\n            console.log('leaflet-marker y=' + lat + ' x=' + lng);\n        } else {\n            console.log('leaflet-marker lat=' + lat + ' lng=' + lng);\n        }\n    });\n}\nmarker.addTo( group );\nmarker.bindPopup(window.WPLeafletMapPlugin.unescape('parkering'));window.WPLeafletMapPlugin.markers.push( marker );\n        });<\/script>\n<script>\nwindow.WPLeafletMapPlugin = window.WPLeafletMapPlugin || [];\nwindow.WPLeafletMapPlugin.push(function WPLeafletCircleShortcode() {\/*<script>*\/\nvar previous_map = window.WPLeafletMapPlugin.getCurrentMap();\nvar group = window.WPLeafletMapPlugin.getCurrentGroup();\nvar fitbounds = 0;\nvar is_image = previous_map.is_image_map;\nvar lat = 57.17425;\nvar lng = 15.592016666667;\nvar radius = 50;\n\/\/ update lat lng to previous map's center\nif (!lat && !lng && !is_image) {\n    var map_center = previous_map.getCenter();\n    lat = map_center.lat;\n    lng = map_center.lng;\n}\nvar circle = L.circle([lat, lng], {radius: radius});\ncircle.setStyle({\"opacity\":0,\"fillOpacity\":0,\"radius\":50});\ncircle.addTo( group );\nwindow.WPLeafletMapPlugin.circles.push( circle );\nif (fitbounds) {\n    \/\/ zoom the map to the polyline\n    previous_map.fitBounds( circle.getBounds() );\n}});<\/script>\n<table width='100%'><tr>\n<td>Highpoint: <a href='https:\/\/minkarta.lantmateriet.se\/plats\/3006\/v1.0\/?e=535659&n=6336791&z=12&mapprofile=bergodal&background=3&boundaries=false&category=highpoint&name=H\u00f6gsby'>N6336791 E535659<\/a><\/td><td><div align=center>@famholmsten<\/div><\/td><td><div align='right'>Parkering: <a href='https:\/\/minkarta.lantmateriet.se\/plats\/3006\/v1.0\/?e=535795&n=6336938&z=12&mapprofile=bergodal&background=3&boundaries=false&category=parking&name=H\u00f6gsby'>N6336938 E535795<\/a><\/div><\/td>\n<\/tr><\/table>\n\n","protected":false},"excerpt":{"rendered":"<p>Vi bes\u00f6kte platsen 17 november 2021. Inf\u00f6r denna topp pratade vi om v\u00e5ra \u00e4ventyr p\u00e5 P4 Kv\u00e4llspasset. Kul att radio uppm\u00e4rksammade oss och v\u00e5ra \u00e4ventyr. Promenaden fr\u00e5n&hellip;<\/p>\n<p> <a class=\"more-link\" href=\"https:\/\/famholmsten.se\/290kommuner\/290kommuner\/kalmar-lan\/hogsby-stockakullen\/\">L\u00e4s mer<\/a><\/p>\n","protected":false},"author":1,"featured_media":0,"parent":798,"menu_order":40,"comment_status":"closed","ping_status":"closed","template":"","meta":{"footnotes":""},"class_list":["post-2357","page","type-page","status-publish"],"_links":{"self":[{"href":"https:\/\/famholmsten.se\/290kommuner\/wp-json\/wp\/v2\/pages\/2357","targetHints":{"allow":["GET"]}}],"collection":[{"href":"https:\/\/famholmsten.se\/290kommuner\/wp-json\/wp\/v2\/pages"}],"about":[{"href":"https:\/\/famholmsten.se\/290kommuner\/wp-json\/wp\/v2\/types\/page"}],"author":[{"embeddable":true,"href":"https:\/\/famholmsten.se\/290kommuner\/wp-json\/wp\/v2\/users\/1"}],"replies":[{"embeddable":true,"href":"https:\/\/famholmsten.se\/290kommuner\/wp-json\/wp\/v2\/comments?post=2357"}],"version-history":[{"count":1,"href":"https:\/\/famholmsten.se\/290kommuner\/wp-json\/wp\/v2\/pages\/2357\/revisions"}],"predecessor-version":[{"id":4776,"href":"https:\/\/famholmsten.se\/290kommuner\/wp-json\/wp\/v2\/pages\/2357\/revisions\/4776"}],"up":[{"embeddable":true,"href":"https:\/\/famholmsten.se\/290kommuner\/wp-json\/wp\/v2\/pages\/798"}],"wp:attachment":[{"href":"https:\/\/famholmsten.se\/290kommuner\/wp-json\/wp\/v2\/media?parent=2357"}],"curies":[{"name":"wp","href":"https:\/\/api.w.org\/{rel}","templated":true}]}}