{"id":2420,"date":"2021-11-20T14:59:00","date_gmt":"2021-11-20T13:59:00","guid":{"rendered":"https:\/\/famholmsten.se\/?page_id=2420"},"modified":"2022-03-15T10:51:07","modified_gmt":"2022-03-15T09:51:07","slug":"lomma-passlehog","status":"publish","type":"page","link":"https:\/\/famholmsten.se\/290kommuner\/290kommuner\/skane-lan\/lomma-passlehog\/","title":{"rendered":"Lomma &#8211; Passleh\u00f6g"},"content":{"rendered":"\n<p>Vi bes\u00f6kte platsen 20 november 2021.<\/p>\n\n\n\n<p>En kort promenad l\u00e4ngs med en grusv\u00e4g till den lilla kullen som vi kunde f\u00f6rst\u00e5 \u00e4r den h\u00f6gsta i omr\u00e5det. <br>Det blev en liten \u00f6verraskning n\u00e4r vi kom upp p\u00e5 kullen, massor av k\u00e4rleksf\u00f6rklaringar \u00e4r inristade p\u00e5 tr\u00e4den som st\u00e5r p\u00e5 kullen, hj\u00e4rtan, namn och datum.<br>Vi blev v\u00e4ldigt nyfikna p\u00e5 om namnet har n\u00e5got med detta att g\u00f6ra, vad betyder egentligen Passleh\u00f6g?<br>Om du som l\u00e4sare vet n\u00e5got om denna plats f\u00e5r du g\u00e4rna kontakta oss!<br>Utsikten var inget imponerande men fint att se ut\u00f6ver \u00e5krarna d\u00e4r det var full fart med att k\u00f6ra iv\u00e4g dom enorma h\u00f6gar med sockerbetor som l\u00e5g i l\u00e5nga, h\u00f6ga rader l\u00e4ngs \u00e5kerkanterna.<br><br>Hittills \u00e4r detta den l\u00e4gsta h\u00f6gsta punkten vi bes\u00f6kt i Sverige (28 m\u00f6h) Undra om det finns n\u00e5gon l\u00e4gre kommuntopp?<br><\/p>\n\n\n\n<figure class=\"wp-block-gallery has-nested-images columns-default is-cropped wp-block-gallery-1 is-layout-flex wp-block-gallery-is-layout-flex\">\n<figure class=\"wp-block-image size-large\"><a href=\"https:\/\/famholmsten.se\/290kommuner\/wp-content\/uploads\/2022\/03\/20211120_155641_SM-G973F.jpg\"><img fetchpriority=\"high\" decoding=\"async\" width=\"2944\" height=\"2208\" data-id=\"3154\" src=\"https:\/\/famholmsten.se\/290kommuner\/wp-content\/uploads\/2022\/03\/20211120_155641_SM-G973F.jpg\" alt=\"\" class=\"wp-image-3154\"\/><\/a><\/figure>\n\n\n\n<figure class=\"wp-block-image size-large\"><a href=\"https:\/\/famholmsten.se\/290kommuner\/wp-content\/uploads\/2022\/03\/20211120_155251_SM-G973F.jpg\"><img decoding=\"async\" width=\"4032\" height=\"3024\" data-id=\"3157\" src=\"https:\/\/famholmsten.se\/290kommuner\/wp-content\/uploads\/2022\/03\/20211120_155251_SM-G973F.jpg\" alt=\"\" class=\"wp-image-3157\"\/><\/a><\/figure>\n\n\n\n<figure class=\"wp-block-image size-large\"><a href=\"https:\/\/famholmsten.se\/290kommuner\/wp-content\/uploads\/2022\/03\/20211120_155228_SM-G973F.jpg\"><img decoding=\"async\" width=\"2944\" height=\"2208\" data-id=\"3155\" src=\"https:\/\/famholmsten.se\/290kommuner\/wp-content\/uploads\/2022\/03\/20211120_155228_SM-G973F.jpg\" alt=\"\" class=\"wp-image-3155\"\/><\/a><\/figure>\n\n\n\n<figure class=\"wp-block-image size-large\"><a href=\"https:\/\/famholmsten.se\/290kommuner\/wp-content\/uploads\/2022\/03\/20211120_155000_SM-G973F.jpg\"><img loading=\"lazy\" decoding=\"async\" width=\"4032\" height=\"3024\" data-id=\"3156\" src=\"https:\/\/famholmsten.se\/290kommuner\/wp-content\/uploads\/2022\/03\/20211120_155000_SM-G973F.jpg\" alt=\"\" class=\"wp-image-3156\"\/><\/a><\/figure>\n<\/figure>\n","protected":false},"excerpt":{"rendered":"<p>Vi bes\u00f6kte platsen 20 november 2021. En kort promenad l\u00e4ngs med en grusv\u00e4g till den lilla kullen som vi kunde f\u00f6rst\u00e5 \u00e4r den h\u00f6gsta i omr\u00e5det. Det&hellip;<\/p>\n<p> <a class=\"more-link\" href=\"https:\/\/famholmsten.se\/290kommuner\/290kommuner\/skane-lan\/lomma-passlehog\/\">L\u00e4s mer<\/a><\/p>\n","protected":false},"author":1,"featured_media":0,"parent":2173,"menu_order":150,"comment_status":"closed","ping_status":"closed","template":"","meta":{"footnotes":""},"class_list":["post-2420","page","type-page","status-publish"],"_links":{"self":[{"href":"https:\/\/famholmsten.se\/290kommuner\/wp-json\/wp\/v2\/pages\/2420","targetHints":{"allow":["GET"]}}],"collection":[{"href":"https:\/\/famholmsten.se\/290kommuner\/wp-json\/wp\/v2\/pages"}],"about":[{"href":"https:\/\/famholmsten.se\/290kommuner\/wp-json\/wp\/v2\/types\/page"}],"author":[{"embeddable":true,"href":"https:\/\/famholmsten.se\/290kommuner\/wp-json\/wp\/v2\/users\/1"}],"replies":[{"embeddable":true,"href":"https:\/\/famholmsten.se\/290kommuner\/wp-json\/wp\/v2\/comments?post=2420"}],"version-history":[{"count":0,"href":"https:\/\/famholmsten.se\/290kommuner\/wp-json\/wp\/v2\/pages\/2420\/revisions"}],"up":[{"embeddable":true,"href":"https:\/\/famholmsten.se\/290kommuner\/wp-json\/wp\/v2\/pages\/2173"}],"wp:attachment":[{"href":"https:\/\/famholmsten.se\/290kommuner\/wp-json\/wp\/v2\/media?parent=2420"}],"curies":[{"name":"wp","href":"https:\/\/api.w.org\/{rel}","templated":true}]}}