{"id":2427,"date":"2021-11-21T15:10:00","date_gmt":"2021-11-21T14:10:00","guid":{"rendered":"https:\/\/famholmsten.se\/?page_id=2427"},"modified":"2022-03-15T10:48:36","modified_gmt":"2022-03-15T09:48:36","slug":"kavlinge","status":"publish","type":"page","link":"https:\/\/famholmsten.se\/290kommuner\/290kommuner\/skane-lan\/kavlinge\/","title":{"rendered":"K\u00e4vlinge"},"content":{"rendered":"\n<p>Vi bes\u00f6kte platsen 21 november 2021.<\/p>\n\n\n\n<p>En bra parkering vid kyrkan och som en glad \u00f6verraskning fanns d\u00e4r en fin, nyrenoverad toalett som var \u00f6ppen! Det \u00e4r inte fel att f\u00e5 stanna till vid fr\u00e4scha toaletter n\u00e4r man far omkring i Sverige.<br><br>Vi rundade kyrkan l\u00e4ngs \u00e5kerkanten\/muren och hittade en bra stig som vi f\u00f6ljde hela v\u00e4gen fram. Det verkar vara en plats dit lokalbefolkningen tar sig f\u00f6r fika\/mat. Stolar, bord och en grill fanns p\u00e5 platsen. Utsikten var fin och man kunde skymta \u00d6resundsbron i fj\u00e4rran och \u00e4ven byggnader i K\u00f6penhamn syntes l\u00e5ngt borta.<\/p>\n\n\n\n<figure class=\"wp-block-gallery has-nested-images columns-default is-cropped wp-block-gallery-1 is-layout-flex wp-block-gallery-is-layout-flex\">\n<figure class=\"wp-block-image size-large\"><a href=\"https:\/\/famholmsten.se\/290kommuner\/wp-content\/uploads\/2022\/03\/20211121_091848_SM-G973F.jpg\"><img fetchpriority=\"high\" decoding=\"async\" width=\"2805\" height=\"2103\" data-id=\"3147\" src=\"https:\/\/famholmsten.se\/290kommuner\/wp-content\/uploads\/2022\/03\/20211121_091848_SM-G973F.jpg\" alt=\"\" class=\"wp-image-3147\"\/><\/a><\/figure>\n\n\n\n<figure class=\"wp-block-image size-large\"><a href=\"https:\/\/famholmsten.se\/290kommuner\/wp-content\/uploads\/2022\/03\/20211121_091839_SM-G973F.jpg\"><img decoding=\"async\" width=\"2944\" height=\"2208\" data-id=\"3148\" src=\"https:\/\/famholmsten.se\/290kommuner\/wp-content\/uploads\/2022\/03\/20211121_091839_SM-G973F.jpg\" alt=\"\" class=\"wp-image-3148\"\/><\/a><\/figure>\n<\/figure>\n","protected":false},"excerpt":{"rendered":"<p>Vi bes\u00f6kte platsen 21 november 2021. En bra parkering vid kyrkan och som en glad \u00f6verraskning fanns d\u00e4r en fin, nyrenoverad toalett som var \u00f6ppen! Det \u00e4r&hellip;<\/p>\n<p> <a class=\"more-link\" href=\"https:\/\/famholmsten.se\/290kommuner\/290kommuner\/skane-lan\/kavlinge\/\">L\u00e4s mer<\/a><\/p>\n","protected":false},"author":1,"featured_media":0,"parent":2173,"menu_order":130,"comment_status":"closed","ping_status":"closed","template":"","meta":{"footnotes":""},"class_list":["post-2427","page","type-page","status-publish"],"_links":{"self":[{"href":"https:\/\/famholmsten.se\/290kommuner\/wp-json\/wp\/v2\/pages\/2427","targetHints":{"allow":["GET"]}}],"collection":[{"href":"https:\/\/famholmsten.se\/290kommuner\/wp-json\/wp\/v2\/pages"}],"about":[{"href":"https:\/\/famholmsten.se\/290kommuner\/wp-json\/wp\/v2\/types\/page"}],"author":[{"embeddable":true,"href":"https:\/\/famholmsten.se\/290kommuner\/wp-json\/wp\/v2\/users\/1"}],"replies":[{"embeddable":true,"href":"https:\/\/famholmsten.se\/290kommuner\/wp-json\/wp\/v2\/comments?post=2427"}],"version-history":[{"count":0,"href":"https:\/\/famholmsten.se\/290kommuner\/wp-json\/wp\/v2\/pages\/2427\/revisions"}],"up":[{"embeddable":true,"href":"https:\/\/famholmsten.se\/290kommuner\/wp-json\/wp\/v2\/pages\/2173"}],"wp:attachment":[{"href":"https:\/\/famholmsten.se\/290kommuner\/wp-json\/wp\/v2\/media?parent=2427"}],"curies":[{"name":"wp","href":"https:\/\/api.w.org\/{rel}","templated":true}]}}