{"id":2484,"date":"2021-08-13T10:37:00","date_gmt":"2021-08-13T08:37:00","guid":{"rendered":"https:\/\/famholmsten.se\/?page_id=2484"},"modified":"2022-11-21T16:48:20","modified_gmt":"2022-11-21T15:48:20","slug":"orust-skalmerberget","status":"publish","type":"page","link":"https:\/\/famholmsten.se\/290kommuner\/290kommuner\/vastra-gotalands-lan\/orust-skalmerberget\/","title":{"rendered":"Orust &#8211; Sk\u00e4lmerberget"},"content":{"rendered":"\n<p>Vi bes\u00f6kte platsen 13 augusti 2021.<\/p>\n\n\n\n<p>Regn hindrar oss inte att bes\u00f6ka en kommuntopp. Stigen som leder upp till toppen var lerig och hal men upp kom vi \ud83d\ude42<\/p>\n\n\n\n<p>T\u00e4nk p\u00e5 att det inte finns n\u00e5gon parkeringsplats i n\u00e4rheten d\u00e4r stigen b\u00f6rjar och att det finns privatbost\u00e4der intill stigen.<\/p>\n\n\n\n<p>H\u00e4r har kommunen satt upp fina skyltar d\u00e4r man kan l\u00e4sa om platsen och dess historia. Berget m\u00e4ter 147m\u00f6h, det \u00e4r lika h\u00f6gt som Egyptens h\u00f6gsta pyramid, Cheaopspyyramiden \ud83d\ude42<\/p>\n\n\n\n<figure class=\"wp-block-gallery has-nested-images columns-default is-cropped wp-block-gallery-1 is-layout-flex wp-block-gallery-is-layout-flex\">\n<figure class=\"wp-block-image size-large\"><a href=\"https:\/\/famholmsten.se\/290kommuner\/wp-content\/uploads\/2022\/04\/20210813_174728_SM-G973F.jpg\"><img fetchpriority=\"high\" decoding=\"async\" width=\"4032\" height=\"3024\" data-id=\"3503\" src=\"https:\/\/famholmsten.se\/290kommuner\/wp-content\/uploads\/2022\/04\/20210813_174728_SM-G973F.jpg\" alt=\"\" class=\"wp-image-3503\"\/><\/a><\/figure>\n\n\n\n<figure class=\"wp-block-image size-large\"><a href=\"https:\/\/famholmsten.se\/290kommuner\/wp-content\/uploads\/2022\/04\/20210813_175321_SM-G973F.jpg\"><img decoding=\"async\" width=\"4032\" height=\"3024\" data-id=\"3504\" src=\"https:\/\/famholmsten.se\/290kommuner\/wp-content\/uploads\/2022\/04\/20210813_175321_SM-G973F.jpg\" alt=\"\" class=\"wp-image-3504\"\/><\/a><\/figure>\n\n\n\n<figure class=\"wp-block-image size-large\"><a href=\"https:\/\/famholmsten.se\/290kommuner\/wp-content\/uploads\/2022\/04\/20210813_175510_SM-G973F.jpg\"><img decoding=\"async\" width=\"4032\" height=\"3024\" data-id=\"3506\" src=\"https:\/\/famholmsten.se\/290kommuner\/wp-content\/uploads\/2022\/04\/20210813_175510_SM-G973F.jpg\" alt=\"\" class=\"wp-image-3506\"\/><\/a><\/figure>\n\n\n\n<figure class=\"wp-block-image size-large\"><a href=\"https:\/\/famholmsten.se\/290kommuner\/wp-content\/uploads\/2022\/04\/20210813_175539_SM-G973F.jpg\"><img loading=\"lazy\" decoding=\"async\" width=\"2944\" height=\"2208\" data-id=\"3505\" src=\"https:\/\/famholmsten.se\/290kommuner\/wp-content\/uploads\/2022\/04\/20210813_175539_SM-G973F.jpg\" alt=\"\" class=\"wp-image-3505\"\/><\/a><\/figure>\n\n\n\n<figure class=\"wp-block-image size-large\"><a href=\"https:\/\/famholmsten.se\/290kommuner\/wp-content\/uploads\/2022\/04\/20210813_180144_SM-G973F.jpg\"><img loading=\"lazy\" decoding=\"async\" width=\"4032\" height=\"3024\" data-id=\"3502\" src=\"https:\/\/famholmsten.se\/290kommuner\/wp-content\/uploads\/2022\/04\/20210813_180144_SM-G973F.jpg\" alt=\"\" class=\"wp-image-3502\"\/><\/a><\/figure>\n<\/figure>\n","protected":false},"excerpt":{"rendered":"<p>Vi bes\u00f6kte platsen 13 augusti 2021. Regn hindrar oss inte att bes\u00f6ka en kommuntopp. Stigen som leder upp till toppen var lerig och hal men upp kom&hellip;<\/p>\n<p> <a class=\"more-link\" href=\"https:\/\/famholmsten.se\/290kommuner\/290kommuner\/vastra-gotalands-lan\/orust-skalmerberget\/\">L\u00e4s mer<\/a><\/p>\n","protected":false},"author":1,"featured_media":0,"parent":1734,"menu_order":280,"comment_status":"closed","ping_status":"closed","template":"","meta":{"footnotes":""},"class_list":["post-2484","page","type-page","status-publish"],"_links":{"self":[{"href":"https:\/\/famholmsten.se\/290kommuner\/wp-json\/wp\/v2\/pages\/2484","targetHints":{"allow":["GET"]}}],"collection":[{"href":"https:\/\/famholmsten.se\/290kommuner\/wp-json\/wp\/v2\/pages"}],"about":[{"href":"https:\/\/famholmsten.se\/290kommuner\/wp-json\/wp\/v2\/types\/page"}],"author":[{"embeddable":true,"href":"https:\/\/famholmsten.se\/290kommuner\/wp-json\/wp\/v2\/users\/1"}],"replies":[{"embeddable":true,"href":"https:\/\/famholmsten.se\/290kommuner\/wp-json\/wp\/v2\/comments?post=2484"}],"version-history":[{"count":1,"href":"https:\/\/famholmsten.se\/290kommuner\/wp-json\/wp\/v2\/pages\/2484\/revisions"}],"predecessor-version":[{"id":4046,"href":"https:\/\/famholmsten.se\/290kommuner\/wp-json\/wp\/v2\/pages\/2484\/revisions\/4046"}],"up":[{"embeddable":true,"href":"https:\/\/famholmsten.se\/290kommuner\/wp-json\/wp\/v2\/pages\/1734"}],"wp:attachment":[{"href":"https:\/\/famholmsten.se\/290kommuner\/wp-json\/wp\/v2\/media?parent=2484"}],"curies":[{"name":"wp","href":"https:\/\/api.w.org\/{rel}","templated":true}]}}