{"id":2878,"date":"2022-02-14T13:28:52","date_gmt":"2022-02-14T12:28:52","guid":{"rendered":"https:\/\/famholmsten.se\/?page_id=2878"},"modified":"2023-08-07T13:08:50","modified_gmt":"2023-08-07T11:08:50","slug":"tingsryd-pinnabacken","status":"publish","type":"page","link":"https:\/\/famholmsten.se\/290kommuner\/290kommuner\/kronobergs-lan\/tingsryd-pinnabacken\/","title":{"rendered":"Tingsryd &#8211; Pinnabacken"},"content":{"rendered":"\n<p>Vi bes\u00f6kte platsen 12 februari 2022.<\/p>\n\n\n\n<p>Vi \u00f6vernattade i t\u00e4lt en kort bilf\u00e4rd fr\u00e5n toppen. Det var m\u00f6rkt n\u00e4r vi kom fram och vi var glada att vi hittade den perfekta v\u00e4ndplanen med mossa\/gr\u00e4s d\u00e4r vi l\u00e4tt kunde resa v\u00e5rt t\u00e4lt.<br>P\u00e5 morgonen satte vi oss i bilen och blev glatt \u00f6verraskade att det fanns en relativt ny grusv\u00e4g mot toppen. Dock tog gl\u00e4djen snabbt slut n\u00e4r vi kom fram till Stop-skylten. V\u00e4gen var f\u00f6r smal f\u00f6r att v\u00e4nda p\u00e5 s\u00e5 det var bara att backa tillbaka till den n\u00e5got st\u00f6rre grusv\u00e4gen. D\u00e4r parkerade vi bilen och gick \u00f6ver kalhygget mot toppen. Pga. omr\u00e5det kunde vi inte g\u00e5 l\u00e4ngs grusv\u00e4gen men det var inte m\u00e5nga hundra meter att g\u00e5 f\u00f6r att n\u00e5 Highpoint.<\/p>\n\n\n\n<figure class=\"wp-block-gallery has-nested-images columns-default is-cropped wp-block-gallery-1 is-layout-flex wp-block-gallery-is-layout-flex\">\n<figure class=\"wp-block-image size-large\"><a href=\"https:\/\/famholmsten.se\/290kommuner\/wp-content\/uploads\/2022\/04\/20220212_093334_SM-G973F.jpg\"><img fetchpriority=\"high\" decoding=\"async\" width=\"2944\" height=\"2208\" data-id=\"3539\" src=\"https:\/\/famholmsten.se\/290kommuner\/wp-content\/uploads\/2022\/04\/20220212_093334_SM-G973F.jpg\" alt=\"\" class=\"wp-image-3539\"\/><\/a><\/figure>\n<\/figure>\n\n\n<div class=\"leaflet-map WPLeafletMap\" style=\"height:400px; width:100%;\"><\/div><script>\nwindow.WPLeafletMapPlugin = window.WPLeafletMapPlugin || [];\nwindow.WPLeafletMapPlugin.push(function WPLeafletMapShortcode() {\/*<script>*\/\nvar baseUrl = atob('aHR0cHM6Ly97c30udGlsZS5vcGVuc3RyZWV0bWFwLm9yZy97en0ve3h9L3t5fS5wbmc=');\nvar base = (!baseUrl && window.MQ) ?\n    window.MQ.mapLayer() : L.tileLayer(baseUrl,\n        L.Util.extend({}, {\n            detectRetina: 0,\n        },\n        {\"subdomains\":\"abc\",\"accessToken\":\"pk.eyJ1IjoiZmFtaG9sbXN0ZW4iLCJhIjoiY2s2c2M5dDBpMGUwcTNlcXZocTl0ZGUxNSJ9.1ors-ho_4ccmezHFnyP0zQ\",\"noWrap\":false,\"maxZoom\":20}        )\n    );\n    var options = L.Util.extend({}, {\n        layers: [base],\n        attributionControl: false\n    },\n    {\"zoomControl\":true,\"scrollWheelZoom\":false,\"doubleClickZoom\":false,\"fitBounds\":true,\"minZoom\":0,\"maxZoom\":20,\"maxBounds\":null,\"attribution\":\"<a href=\\\"http:\\\/\\\/leafletjs.com\\\" title=\\\"A JS library for interactive maps\\\">Leaflet<\\\/a>; \\u00a9 <a href=\\\"http:\\\/\\\/www.openstreetmap.org\\\/copyright\\\">OpenStreetMap<\\\/a> contributors\"},\n    {});\nwindow.WPLeafletMapPlugin.createMap(options).setView([56.5362,15.040216666667],12);});<\/script>\n<script>\nwindow.WPLeafletMapPlugin = window.WPLeafletMapPlugin || [];\nwindow.WPLeafletMapPlugin.push(function WPLeafletMarkerShortcode() {\/*<script>*\/\nvar map = window.WPLeafletMapPlugin.getCurrentMap();\nvar group = window.WPLeafletMapPlugin.getCurrentGroup();\nvar marker_options = window.WPLeafletMapPlugin.getIconOptions({});\nvar marker = L.marker(\n    [56.5362,15.040216666667],\n    marker_options\n);\nvar is_image = map.is_image_map;\nif (marker_options.draggable) {\n    marker.on('dragend', function () {\n        var latlng = this.getLatLng();\n        var lat = latlng.lat;\n        var lng = latlng.lng;\n        if (is_image) {\n            console.log('leaflet-marker y=' + lat + ' x=' + lng);\n        } else {\n            console.log('leaflet-marker lat=' + lat + ' lng=' + lng);\n        }\n    });\n}\nmarker.addTo( group );\nmarker.bindPopup(window.WPLeafletMapPlugin.unescape('Tingsryd'));window.WPLeafletMapPlugin.markers.push( marker );\n        });<\/script>\n<script>\nwindow.WPLeafletMapPlugin = window.WPLeafletMapPlugin || [];\nwindow.WPLeafletMapPlugin.push(function WPLeafletCircleShortcode() {\/*<script>*\/\nvar previous_map = window.WPLeafletMapPlugin.getCurrentMap();\nvar group = window.WPLeafletMapPlugin.getCurrentGroup();\nvar fitbounds = 0;\nvar is_image = previous_map.is_image_map;\nvar lat = 56.5362;\nvar lng = 15.040216666667;\nvar radius = 100;\n\/\/ update lat lng to previous map's center\nif (!lat && !lng && !is_image) {\n    var map_center = previous_map.getCenter();\n    lat = map_center.lat;\n    lng = map_center.lng;\n}\nvar circle = L.circle([lat, lng], {radius: radius});\ncircle.setStyle({\"opacity\":0,\"fillOpacity\":0,\"radius\":100});\ncircle.addTo( group );\nwindow.WPLeafletMapPlugin.circles.push( circle );\nif (fitbounds) {\n    \/\/ zoom the map to the polyline\n    previous_map.fitBounds( circle.getBounds() );\n}});<\/script>\n<table width='100%'><tr>\n<td>Highpoint: <a href='https:\/\/minkarta.lantmateriet.se\/plats\/3006\/v1.0\/?e=502473&n=6265761&z=12&mapprofile=bergodal&background=3&boundaries=false&category=highpoint&name=Tingsryd'>N6265761 E502473<\/a><\/td><td><div align=center>@famholmsten<\/div><\/td><td>&nbsp;<\/td>\n<\/tr><\/table>\n\n","protected":false},"excerpt":{"rendered":"<p>Vi bes\u00f6kte platsen 12 februari 2022. Vi \u00f6vernattade i t\u00e4lt en kort bilf\u00e4rd fr\u00e5n toppen. Det var m\u00f6rkt n\u00e4r vi kom fram och vi var glada att&hellip;<\/p>\n<p> <a class=\"more-link\" href=\"https:\/\/famholmsten.se\/290kommuner\/290kommuner\/kronobergs-lan\/tingsryd-pinnabacken\/\">L\u00e4s mer<\/a><\/p>\n","protected":false},"author":1,"featured_media":0,"parent":2171,"menu_order":50,"comment_status":"closed","ping_status":"closed","template":"","meta":{"footnotes":""},"class_list":["post-2878","page","type-page","status-publish"],"_links":{"self":[{"href":"https:\/\/famholmsten.se\/290kommuner\/wp-json\/wp\/v2\/pages\/2878","targetHints":{"allow":["GET"]}}],"collection":[{"href":"https:\/\/famholmsten.se\/290kommuner\/wp-json\/wp\/v2\/pages"}],"about":[{"href":"https:\/\/famholmsten.se\/290kommuner\/wp-json\/wp\/v2\/types\/page"}],"author":[{"embeddable":true,"href":"https:\/\/famholmsten.se\/290kommuner\/wp-json\/wp\/v2\/users\/1"}],"replies":[{"embeddable":true,"href":"https:\/\/famholmsten.se\/290kommuner\/wp-json\/wp\/v2\/comments?post=2878"}],"version-history":[{"count":1,"href":"https:\/\/famholmsten.se\/290kommuner\/wp-json\/wp\/v2\/pages\/2878\/revisions"}],"predecessor-version":[{"id":4679,"href":"https:\/\/famholmsten.se\/290kommuner\/wp-json\/wp\/v2\/pages\/2878\/revisions\/4679"}],"up":[{"embeddable":true,"href":"https:\/\/famholmsten.se\/290kommuner\/wp-json\/wp\/v2\/pages\/2171"}],"wp:attachment":[{"href":"https:\/\/famholmsten.se\/290kommuner\/wp-json\/wp\/v2\/media?parent=2878"}],"curies":[{"name":"wp","href":"https:\/\/api.w.org\/{rel}","templated":true}]}}