{"id":3855,"date":"2022-09-17T16:17:32","date_gmt":"2022-09-17T14:17:32","guid":{"rendered":"https:\/\/famholmsten.se\/?page_id=3855"},"modified":"2022-11-21T18:16:44","modified_gmt":"2022-11-21T17:16:44","slug":"munkedal-kleverod-as","status":"publish","type":"page","link":"https:\/\/famholmsten.se\/290kommuner\/290kommuner\/vastra-gotalands-lan\/munkedal-kleverod-as\/","title":{"rendered":"Munkedal &#8211; Klever\u00f6d \u00e5s"},"content":{"rendered":"\n<p>Vi bes\u00f6kte platsen 21 juni 2022.<\/p>\n\n\n\n<p>Vi parkerade l\u00e4ngs med en grusv\u00e4g och hade sedan x km att g\u00e5 till toppen. Inga problem med underlaget, dock v\u00e4ldigt brant stigning p\u00e5 vissa st\u00e4llen s\u00e5 det blev till att jobba lite med fl\u00e5set.<br>H\u00f6gsta punkten och triangelpunkten finns l\u00e4ngs med kraftledningarna. D\u00e4r hade vi lite utsikt.<br>En enkel topptur blev det i v\u00e4rmen.<\/p>\n\n\n\n<figure class=\"wp-block-gallery has-nested-images columns-default is-cropped wp-block-gallery-1 is-layout-flex wp-block-gallery-is-layout-flex\">\n<figure class=\"wp-block-image size-large\"><a href=\"https:\/\/famholmsten.se\/290kommuner\/wp-content\/uploads\/2022\/11\/20220621_201058.jpg\"><img fetchpriority=\"high\" decoding=\"async\" width=\"4032\" height=\"3024\" data-id=\"4240\" src=\"https:\/\/famholmsten.se\/290kommuner\/wp-content\/uploads\/2022\/11\/20220621_201058.jpg\" alt=\"\" class=\"wp-image-4240\"\/><\/a><\/figure>\n\n\n\n<figure class=\"wp-block-image size-large\"><a href=\"https:\/\/famholmsten.se\/290kommuner\/wp-content\/uploads\/2022\/11\/20220621_200347.jpg\"><img decoding=\"async\" width=\"4032\" height=\"3024\" data-id=\"4238\" src=\"https:\/\/famholmsten.se\/290kommuner\/wp-content\/uploads\/2022\/11\/20220621_200347.jpg\" alt=\"\" class=\"wp-image-4238\"\/><\/a><\/figure>\n\n\n\n<figure class=\"wp-block-image size-large\"><a href=\"https:\/\/famholmsten.se\/290kommuner\/wp-content\/uploads\/2022\/11\/20220621_200329.jpg\"><img decoding=\"async\" width=\"2944\" height=\"2208\" data-id=\"4237\" src=\"https:\/\/famholmsten.se\/290kommuner\/wp-content\/uploads\/2022\/11\/20220621_200329.jpg\" alt=\"\" class=\"wp-image-4237\"\/><\/a><\/figure>\n\n\n\n<figure class=\"wp-block-image size-large\"><a href=\"https:\/\/famholmsten.se\/290kommuner\/wp-content\/uploads\/2022\/11\/20220621_200249.jpg\"><img loading=\"lazy\" decoding=\"async\" width=\"4032\" height=\"3024\" data-id=\"4239\" src=\"https:\/\/famholmsten.se\/290kommuner\/wp-content\/uploads\/2022\/11\/20220621_200249.jpg\" alt=\"\" class=\"wp-image-4239\"\/><\/a><\/figure>\n<\/figure>\n\n\n<div class=\"leaflet-map WPLeafletMap\" style=\"height:400px; width:100%;\"><\/div><script>\nwindow.WPLeafletMapPlugin = window.WPLeafletMapPlugin || [];\nwindow.WPLeafletMapPlugin.push(function WPLeafletMapShortcode() {\/*<script>*\/\nvar baseUrl = atob('aHR0cHM6Ly97c30udGlsZS5vcGVuc3RyZWV0bWFwLm9yZy97en0ve3h9L3t5fS5wbmc=');\nvar base = (!baseUrl && window.MQ) ?\n    window.MQ.mapLayer() : L.tileLayer(baseUrl,\n        L.Util.extend({}, {\n            detectRetina: 0,\n        },\n        {\"subdomains\":\"abc\",\"accessToken\":\"pk.eyJ1IjoiZmFtaG9sbXN0ZW4iLCJhIjoiY2s2c2M5dDBpMGUwcTNlcXZocTl0ZGUxNSJ9.1ors-ho_4ccmezHFnyP0zQ\",\"noWrap\":false,\"maxZoom\":20}        )\n    );\n    var options = L.Util.extend({}, {\n        layers: [base],\n        attributionControl: false\n    },\n    {\"zoomControl\":true,\"scrollWheelZoom\":false,\"doubleClickZoom\":false,\"fitBounds\":true,\"minZoom\":0,\"maxZoom\":20,\"maxBounds\":null,\"attribution\":\"<a href=\\\"http:\\\/\\\/leafletjs.com\\\" title=\\\"A JS library for interactive maps\\\">Leaflet<\\\/a>; \\u00a9 <a href=\\\"http:\\\/\\\/www.openstreetmap.org\\\/copyright\\\">OpenStreetMap<\\\/a> contributors\"},\n    {});\nwindow.WPLeafletMapPlugin.createMap(options).setView([58.8063,11.76065],12);});<\/script>\n<script>\nwindow.WPLeafletMapPlugin = window.WPLeafletMapPlugin || [];\nwindow.WPLeafletMapPlugin.push(function WPLeafletMarkerShortcode() {\/*<script>*\/\nvar map = window.WPLeafletMapPlugin.getCurrentMap();\nvar group = window.WPLeafletMapPlugin.getCurrentGroup();\nvar marker_options = window.WPLeafletMapPlugin.getIconOptions({});\nvar marker = L.marker(\n    [58.8063,11.76065],\n    marker_options\n);\nvar is_image = map.is_image_map;\nif (marker_options.draggable) {\n    marker.on('dragend', function () {\n        var latlng = this.getLatLng();\n        var lat = latlng.lat;\n        var lng = latlng.lng;\n        if (is_image) {\n            console.log('leaflet-marker y=' + lat + ' x=' + lng);\n        } else {\n            console.log('leaflet-marker lat=' + lat + ' lng=' + lng);\n        }\n    });\n}\nmarker.addTo( group );\nmarker.bindPopup(window.WPLeafletMapPlugin.unescape('Munkedal'));window.WPLeafletMapPlugin.markers.push( marker );\n        });<\/script>\n<script>\nwindow.WPLeafletMapPlugin = window.WPLeafletMapPlugin || [];\nwindow.WPLeafletMapPlugin.push(function WPLeafletCircleShortcode() {\/*<script>*\/\nvar previous_map = window.WPLeafletMapPlugin.getCurrentMap();\nvar group = window.WPLeafletMapPlugin.getCurrentGroup();\nvar fitbounds = 0;\nvar is_image = previous_map.is_image_map;\nvar lat = 58.8063;\nvar lng = 11.76065;\nvar radius = 100;\n\/\/ update lat lng to previous map's center\nif (!lat && !lng && !is_image) {\n    var map_center = previous_map.getCenter();\n    lat = map_center.lat;\n    lng = map_center.lng;\n}\nvar circle = L.circle([lat, lng], {radius: radius});\ncircle.setStyle({\"opacity\":0,\"fillOpacity\":0,\"radius\":100});\ncircle.addTo( group );\nwindow.WPLeafletMapPlugin.circles.push( circle );\nif (fitbounds) {\n    \/\/ zoom the map to the polyline\n    previous_map.fitBounds( circle.getBounds() );\n}});<\/script>\n<table width='100%'><tr>\n<td>Highpoint: <a href='https:\/\/minkarta.lantmateriet.se\/plats\/3006\/v1.0\/?e=312894&n=6523010&z=12&mapprofile=bergodal&background=3&boundaries=false&category=highpoint&name=Munkedal'>N6523010 E312894<\/a><\/td><td><div align=center>@famholmsten<\/div><\/td><td>&nbsp;<\/td>\n<\/tr><\/table>\n\n","protected":false},"excerpt":{"rendered":"<p>Vi bes\u00f6kte platsen 21 juni 2022. Vi parkerade l\u00e4ngs med en grusv\u00e4g och hade sedan x km att g\u00e5 till toppen. Inga problem med underlaget, dock v\u00e4ldigt&hellip;<\/p>\n<p> <a class=\"more-link\" href=\"https:\/\/famholmsten.se\/290kommuner\/290kommuner\/vastra-gotalands-lan\/munkedal-kleverod-as\/\">L\u00e4s mer<\/a><\/p>\n","protected":false},"author":1,"featured_media":0,"parent":1734,"menu_order":260,"comment_status":"closed","ping_status":"closed","template":"","meta":{"footnotes":""},"class_list":["post-3855","page","type-page","status-publish"],"_links":{"self":[{"href":"https:\/\/famholmsten.se\/290kommuner\/wp-json\/wp\/v2\/pages\/3855","targetHints":{"allow":["GET"]}}],"collection":[{"href":"https:\/\/famholmsten.se\/290kommuner\/wp-json\/wp\/v2\/pages"}],"about":[{"href":"https:\/\/famholmsten.se\/290kommuner\/wp-json\/wp\/v2\/types\/page"}],"author":[{"embeddable":true,"href":"https:\/\/famholmsten.se\/290kommuner\/wp-json\/wp\/v2\/users\/1"}],"replies":[{"embeddable":true,"href":"https:\/\/famholmsten.se\/290kommuner\/wp-json\/wp\/v2\/comments?post=3855"}],"version-history":[{"count":3,"href":"https:\/\/famholmsten.se\/290kommuner\/wp-json\/wp\/v2\/pages\/3855\/revisions"}],"predecessor-version":[{"id":4241,"href":"https:\/\/famholmsten.se\/290kommuner\/wp-json\/wp\/v2\/pages\/3855\/revisions\/4241"}],"up":[{"embeddable":true,"href":"https:\/\/famholmsten.se\/290kommuner\/wp-json\/wp\/v2\/pages\/1734"}],"wp:attachment":[{"href":"https:\/\/famholmsten.se\/290kommuner\/wp-json\/wp\/v2\/media?parent=3855"}],"curies":[{"name":"wp","href":"https:\/\/api.w.org\/{rel}","templated":true}]}}