{"id":3917,"date":"2022-08-17T12:08:00","date_gmt":"2022-08-17T10:08:00","guid":{"rendered":"https:\/\/famholmsten.se\/?page_id=3917"},"modified":"2023-02-13T22:05:10","modified_gmt":"2023-02-13T21:05:10","slug":"stenungsund","status":"publish","type":"page","link":"https:\/\/famholmsten.se\/290kommuner\/290kommuner\/vastra-gotalands-lan\/stenungsund\/","title":{"rendered":"Stenungsund &#8211;"},"content":{"rendered":"\n<p>Vi bes\u00f6kte platsen 17 augusti 2022.<\/p>\n\n\n\n<p>Parkerade vid en mindre b\u00e5tplats och f\u00f6ljde stigen l\u00e4ngs med sj\u00f6n. Strax efter sj\u00f6n fortsatte den mindre skogsv\u00e4gen brant upp\u00e5t l\u00e4ngs m\u00e4ktiga raviner. Det var verkligen vackert med vattnet, mossan och slingriga v\u00e4xter. N\u00e5gra kantareller hittades ocks\u00e5. Efter en stund fick vi syn p\u00e5 snitslar som ledde oss n\u00e4rmare och n\u00e4rmare toppen. N\u00e4r vi s\u00e5g att vi var framme p\u00e5 toppen fortsatte snitslarna vidare. Tur att vi inte bara f\u00f6ljde dom vidare, d\u00e5 vet man inte hur l\u00e5ngt vi skulle beh\u00f6vt g\u00e5 \ud83d\ude09<br>En vacker promenad i vacker natur.<\/p>\n\n\n\n<figure class=\"wp-block-gallery has-nested-images columns-default is-cropped wp-block-gallery-1 is-layout-flex wp-block-gallery-is-layout-flex\">\n<figure class=\"wp-block-image size-large\"><a href=\"https:\/\/famholmsten.se\/290kommuner\/wp-content\/uploads\/2023\/02\/20220817_163758.jpg\"><img fetchpriority=\"high\" decoding=\"async\" width=\"4032\" height=\"3024\" data-id=\"4392\" src=\"https:\/\/famholmsten.se\/290kommuner\/wp-content\/uploads\/2023\/02\/20220817_163758.jpg\" alt=\"\" class=\"wp-image-4392\"\/><\/a><\/figure>\n\n\n\n<figure class=\"wp-block-image size-large\"><a href=\"https:\/\/famholmsten.se\/290kommuner\/wp-content\/uploads\/2023\/02\/20220817_163307.jpg\"><img decoding=\"async\" width=\"4032\" height=\"3024\" data-id=\"4394\" src=\"https:\/\/famholmsten.se\/290kommuner\/wp-content\/uploads\/2023\/02\/20220817_163307.jpg\" alt=\"\" class=\"wp-image-4394\"\/><\/a><\/figure>\n\n\n\n<figure class=\"wp-block-image size-large\"><a href=\"https:\/\/famholmsten.se\/290kommuner\/wp-content\/uploads\/2023\/02\/20220817_162634.jpg\"><img decoding=\"async\" width=\"4032\" height=\"3024\" data-id=\"4391\" src=\"https:\/\/famholmsten.se\/290kommuner\/wp-content\/uploads\/2023\/02\/20220817_162634.jpg\" alt=\"\" class=\"wp-image-4391\"\/><\/a><\/figure>\n\n\n\n<figure class=\"wp-block-image size-large\"><a href=\"https:\/\/famholmsten.se\/290kommuner\/wp-content\/uploads\/2023\/02\/20220817_161730.jpg\"><img loading=\"lazy\" decoding=\"async\" width=\"4032\" height=\"3024\" data-id=\"4393\" src=\"https:\/\/famholmsten.se\/290kommuner\/wp-content\/uploads\/2023\/02\/20220817_161730.jpg\" alt=\"\" class=\"wp-image-4393\"\/><\/a><\/figure>\n\n\n\n<figure class=\"wp-block-image size-large\"><a href=\"https:\/\/famholmsten.se\/290kommuner\/wp-content\/uploads\/2023\/02\/20220817_161707.jpg\"><img loading=\"lazy\" decoding=\"async\" width=\"2944\" height=\"2208\" data-id=\"4390\" src=\"https:\/\/famholmsten.se\/290kommuner\/wp-content\/uploads\/2023\/02\/20220817_161707.jpg\" alt=\"\" class=\"wp-image-4390\"\/><\/a><\/figure>\n<\/figure>\n\n\n<div class=\"leaflet-map WPLeafletMap\" style=\"height:400px; width:100%;\"><\/div><script>\nwindow.WPLeafletMapPlugin = window.WPLeafletMapPlugin || [];\nwindow.WPLeafletMapPlugin.push(function WPLeafletMapShortcode() {\/*<script>*\/\nvar baseUrl = atob('aHR0cHM6Ly97c30udGlsZS5vcGVuc3RyZWV0bWFwLm9yZy97en0ve3h9L3t5fS5wbmc=');\nvar base = (!baseUrl && window.MQ) ?\n    window.MQ.mapLayer() : L.tileLayer(baseUrl,\n        L.Util.extend({}, {\n            detectRetina: 0,\n        },\n        {\"subdomains\":\"abc\",\"accessToken\":\"pk.eyJ1IjoiZmFtaG9sbXN0ZW4iLCJhIjoiY2s2c2M5dDBpMGUwcTNlcXZocTl0ZGUxNSJ9.1ors-ho_4ccmezHFnyP0zQ\",\"noWrap\":false,\"maxZoom\":20}        )\n    );\n    var options = L.Util.extend({}, {\n        layers: [base],\n        attributionControl: false\n    },\n    {\"zoomControl\":true,\"scrollWheelZoom\":false,\"doubleClickZoom\":false,\"fitBounds\":true,\"minZoom\":0,\"maxZoom\":20,\"maxBounds\":null,\"attribution\":\"<a href=\\\"http:\\\/\\\/leafletjs.com\\\" title=\\\"A JS library for interactive maps\\\">Leaflet<\\\/a>; \\u00a9 <a href=\\\"http:\\\/\\\/www.openstreetmap.org\\\/copyright\\\">OpenStreetMap<\\\/a> contributors\"},\n    {});\nwindow.WPLeafletMapPlugin.createMap(options).setView([58.045933333333,12.004783333333],12);});<\/script>\n<script>\nwindow.WPLeafletMapPlugin = window.WPLeafletMapPlugin || [];\nwindow.WPLeafletMapPlugin.push(function WPLeafletMarkerShortcode() {\/*<script>*\/\nvar map = window.WPLeafletMapPlugin.getCurrentMap();\nvar group = window.WPLeafletMapPlugin.getCurrentGroup();\nvar marker_options = window.WPLeafletMapPlugin.getIconOptions({});\nvar marker = L.marker(\n    [58.045933333333,12.004783333333],\n    marker_options\n);\nvar is_image = map.is_image_map;\nif (marker_options.draggable) {\n    marker.on('dragend', function () {\n        var latlng = this.getLatLng();\n        var lat = latlng.lat;\n        var lng = latlng.lng;\n        if (is_image) {\n            console.log('leaflet-marker y=' + lat + ' x=' + lng);\n        } else {\n            console.log('leaflet-marker lat=' + lat + ' lng=' + lng);\n        }\n    });\n}\nmarker.addTo( group );\nmarker.bindPopup(window.WPLeafletMapPlugin.unescape('Stenungsund'));window.WPLeafletMapPlugin.markers.push( marker );\n        });<\/script>\n<script>\nwindow.WPLeafletMapPlugin = window.WPLeafletMapPlugin || [];\nwindow.WPLeafletMapPlugin.push(function WPLeafletCircleShortcode() {\/*<script>*\/\nvar previous_map = window.WPLeafletMapPlugin.getCurrentMap();\nvar group = window.WPLeafletMapPlugin.getCurrentGroup();\nvar fitbounds = 0;\nvar is_image = previous_map.is_image_map;\nvar lat = 58.045933333333;\nvar lng = 12.004783333333;\nvar radius = 100;\n\/\/ update lat lng to previous map's center\nif (!lat && !lng && !is_image) {\n    var map_center = previous_map.getCenter();\n    lat = map_center.lat;\n    lng = map_center.lng;\n}\nvar circle = L.circle([lat, lng], {radius: radius});\ncircle.setStyle({\"opacity\":0,\"fillOpacity\":0,\"radius\":100});\ncircle.addTo( group );\nwindow.WPLeafletMapPlugin.circles.push( circle );\nif (fitbounds) {\n    \/\/ zoom the map to the polyline\n    previous_map.fitBounds( circle.getBounds() );\n}});<\/script>\n<table width='100%'><tr>\n<td>Highpoint: <a href='https:\/\/minkarta.lantmateriet.se\/plats\/3006\/v1.0\/?e=323217&n=6437746&z=12&mapprofile=bergodal&background=3&boundaries=false&category=highpoint&name=Stenungsund'>N6437746 E323217<\/a><\/td><td><div align=center>@famholmsten<\/div><\/td><td>&nbsp;<\/td>\n<\/tr><\/table>\n\n","protected":false},"excerpt":{"rendered":"<p>Vi bes\u00f6kte platsen 17 augusti 2022. Parkerade vid en mindre b\u00e5tplats och f\u00f6ljde stigen l\u00e4ngs med sj\u00f6n. Strax efter sj\u00f6n fortsatte den mindre skogsv\u00e4gen brant upp\u00e5t l\u00e4ngs&hellip;<\/p>\n<p> <a class=\"more-link\" href=\"https:\/\/famholmsten.se\/290kommuner\/290kommuner\/vastra-gotalands-lan\/stenungsund\/\">L\u00e4s mer<\/a><\/p>\n","protected":false},"author":1,"featured_media":0,"parent":1734,"menu_order":330,"comment_status":"closed","ping_status":"closed","template":"","meta":{"footnotes":""},"class_list":["post-3917","page","type-page","status-publish"],"_links":{"self":[{"href":"https:\/\/famholmsten.se\/290kommuner\/wp-json\/wp\/v2\/pages\/3917","targetHints":{"allow":["GET"]}}],"collection":[{"href":"https:\/\/famholmsten.se\/290kommuner\/wp-json\/wp\/v2\/pages"}],"about":[{"href":"https:\/\/famholmsten.se\/290kommuner\/wp-json\/wp\/v2\/types\/page"}],"author":[{"embeddable":true,"href":"https:\/\/famholmsten.se\/290kommuner\/wp-json\/wp\/v2\/users\/1"}],"replies":[{"embeddable":true,"href":"https:\/\/famholmsten.se\/290kommuner\/wp-json\/wp\/v2\/comments?post=3917"}],"version-history":[{"count":5,"href":"https:\/\/famholmsten.se\/290kommuner\/wp-json\/wp\/v2\/pages\/3917\/revisions"}],"predecessor-version":[{"id":4471,"href":"https:\/\/famholmsten.se\/290kommuner\/wp-json\/wp\/v2\/pages\/3917\/revisions\/4471"}],"up":[{"embeddable":true,"href":"https:\/\/famholmsten.se\/290kommuner\/wp-json\/wp\/v2\/pages\/1734"}],"wp:attachment":[{"href":"https:\/\/famholmsten.se\/290kommuner\/wp-json\/wp\/v2\/media?parent=3917"}],"curies":[{"name":"wp","href":"https:\/\/api.w.org\/{rel}","templated":true}]}}