{"id":3942,"date":"2022-09-22T08:24:00","date_gmt":"2022-09-22T06:24:00","guid":{"rendered":"https:\/\/famholmsten.se\/?page_id=3942"},"modified":"2023-03-05T19:28:43","modified_gmt":"2023-03-05T18:28:43","slug":"haparanda","status":"publish","type":"page","link":"https:\/\/famholmsten.se\/290kommuner\/290kommuner\/norrbottens-lan\/haparanda\/","title":{"rendered":"Haparanda &#8211; Sorttivaara"},"content":{"rendered":"\n<p>Vi bes\u00f6kte platsen 22 september.<\/p>\n\n\n\n<p>Vi kunde parkera p\u00e5 mindre skogsv\u00e4g och tog oss d\u00e4rifr\u00e5n upp mot berget. Passerade n\u00e5gra byggnader som idag var tomma. Vi tror det \u00e4r en skoterklubbsstuga men kan lika g\u00e4rna vara en privatbostad.<br>N\u00e4r vi n\u00e4rmade oss toppen blev naturen helt annorlunda, stora klippor\/berg h\u00e4r och var. Det var p\u00e5 n\u00e5got s\u00e4tt en v\u00e4ldigt dramatisk natur uppe p\u00e5 toppen. Man kunde promenera runt och f\u00e5 utsikt \u00e5t lite olika h\u00e5ll. L\u00e5ngt borta skymtade vi en stor fabrik\/industribyggnad. Strax nedanf\u00f6r toppen fanns \u00e4ven ett stort klapperstensf\u00e4lt.<br>En alldeles speciell plats som vi varmt rekommenderar ett bes\u00f6k till.<br>Anders kunde inte l\u00e5ta bli att kl\u00e4ttra upp p\u00e5 den ensamma stenbumlingen, s\u00e5 det fick avsluta v\u00e5rt bes\u00f6k p\u00e5 platsen.<br>H\u00e4r b\u00f6rjade v\u00e5r &#8221;Norrlands-tur&#8221; Vi hade tagit ledigt 4 dagar fr\u00e5n jobbet f\u00f6r att hinna med s\u00e5 m\u00e5nga toppar som m\u00f6jligt. Det blev totalt 16 toppar p\u00e5 v\u00e5r resa.<\/p>\n\n\n\n<figure class=\"wp-block-gallery has-nested-images columns-default is-cropped wp-block-gallery-1 is-layout-flex wp-block-gallery-is-layout-flex\">\n<figure class=\"wp-block-image size-large\"><a href=\"https:\/\/famholmsten.se\/290kommuner\/wp-content\/uploads\/2023\/03\/20220922_165518_SM-G973F.jpg\"><img fetchpriority=\"high\" decoding=\"async\" width=\"2944\" height=\"2208\" data-id=\"4553\" src=\"https:\/\/famholmsten.se\/290kommuner\/wp-content\/uploads\/2023\/03\/20220922_165518_SM-G973F.jpg\" alt=\"\" class=\"wp-image-4553\"\/><\/a><\/figure>\n\n\n\n<figure class=\"wp-block-image size-large\"><a href=\"https:\/\/famholmsten.se\/290kommuner\/wp-content\/uploads\/2023\/03\/20220922_172301_SM-G973F.jpg\"><img decoding=\"async\" width=\"4032\" height=\"3024\" data-id=\"4556\" src=\"https:\/\/famholmsten.se\/290kommuner\/wp-content\/uploads\/2023\/03\/20220922_172301_SM-G973F.jpg\" alt=\"\" class=\"wp-image-4556\"\/><\/a><\/figure>\n\n\n\n<figure class=\"wp-block-image size-large\"><a href=\"https:\/\/famholmsten.se\/290kommuner\/wp-content\/uploads\/2023\/03\/20220922_171430_SM-G973F.jpg\"><img decoding=\"async\" width=\"4032\" height=\"3024\" data-id=\"4555\" src=\"https:\/\/famholmsten.se\/290kommuner\/wp-content\/uploads\/2023\/03\/20220922_171430_SM-G973F.jpg\" alt=\"\" class=\"wp-image-4555\"\/><\/a><\/figure>\n\n\n\n<figure class=\"wp-block-image size-large\"><a href=\"https:\/\/famholmsten.se\/290kommuner\/wp-content\/uploads\/2023\/03\/20220922_170755_SM-G973F.jpg\"><img loading=\"lazy\" decoding=\"async\" width=\"4032\" height=\"3024\" data-id=\"4563\" src=\"https:\/\/famholmsten.se\/290kommuner\/wp-content\/uploads\/2023\/03\/20220922_170755_SM-G973F.jpg\" alt=\"\" class=\"wp-image-4563\"\/><\/a><\/figure>\n\n\n\n<figure class=\"wp-block-image size-large\"><a href=\"https:\/\/famholmsten.se\/290kommuner\/wp-content\/uploads\/2023\/03\/20220922_170532_SM-G973F.jpg\"><img loading=\"lazy\" decoding=\"async\" width=\"4032\" height=\"3024\" data-id=\"4554\" src=\"https:\/\/famholmsten.se\/290kommuner\/wp-content\/uploads\/2023\/03\/20220922_170532_SM-G973F.jpg\" alt=\"\" class=\"wp-image-4554\"\/><\/a><\/figure>\n\n\n\n<figure class=\"wp-block-image size-large\"><a href=\"https:\/\/famholmsten.se\/290kommuner\/wp-content\/uploads\/2023\/03\/20220922_170313_SM-G973F.jpg\"><img loading=\"lazy\" decoding=\"async\" width=\"4032\" height=\"3024\" data-id=\"4564\" src=\"https:\/\/famholmsten.se\/290kommuner\/wp-content\/uploads\/2023\/03\/20220922_170313_SM-G973F.jpg\" alt=\"\" class=\"wp-image-4564\"\/><\/a><\/figure>\n\n\n\n<figure class=\"wp-block-image size-large\"><a href=\"https:\/\/famholmsten.se\/290kommuner\/wp-content\/uploads\/2023\/03\/20220922_165804_SM-G973F.jpg\"><img loading=\"lazy\" decoding=\"async\" width=\"4032\" height=\"3024\" data-id=\"4561\" src=\"https:\/\/famholmsten.se\/290kommuner\/wp-content\/uploads\/2023\/03\/20220922_165804_SM-G973F.jpg\" alt=\"\" class=\"wp-image-4561\"\/><\/a><\/figure>\n\n\n\n<figure class=\"wp-block-image size-large\"><a href=\"https:\/\/famholmsten.se\/290kommuner\/wp-content\/uploads\/2023\/03\/20220922_165656_SM-G973F.jpg\"><img loading=\"lazy\" decoding=\"async\" width=\"4032\" height=\"3024\" data-id=\"4559\" src=\"https:\/\/famholmsten.se\/290kommuner\/wp-content\/uploads\/2023\/03\/20220922_165656_SM-G973F.jpg\" alt=\"\" class=\"wp-image-4559\"\/><\/a><\/figure>\n\n\n\n<figure class=\"wp-block-image size-large\"><a href=\"https:\/\/famholmsten.se\/290kommuner\/wp-content\/uploads\/2023\/03\/20220922_165601_SM-G973F.jpg\"><img loading=\"lazy\" decoding=\"async\" width=\"4032\" height=\"3024\" data-id=\"4557\" src=\"https:\/\/famholmsten.se\/290kommuner\/wp-content\/uploads\/2023\/03\/20220922_165601_SM-G973F.jpg\" alt=\"\" class=\"wp-image-4557\"\/><\/a><\/figure>\n\n\n\n<figure class=\"wp-block-image size-large\"><a href=\"https:\/\/famholmsten.se\/290kommuner\/wp-content\/uploads\/2023\/03\/20220922_165423_SM-G973F.jpg\"><img loading=\"lazy\" decoding=\"async\" width=\"2944\" height=\"2208\" data-id=\"4558\" src=\"https:\/\/famholmsten.se\/290kommuner\/wp-content\/uploads\/2023\/03\/20220922_165423_SM-G973F.jpg\" alt=\"\" class=\"wp-image-4558\"\/><\/a><\/figure>\n\n\n\n<figure class=\"wp-block-image size-large\"><a href=\"https:\/\/famholmsten.se\/290kommuner\/wp-content\/uploads\/2023\/03\/20220922_165122_SM-G973F.jpg\"><img loading=\"lazy\" decoding=\"async\" width=\"4032\" height=\"3024\" data-id=\"4562\" src=\"https:\/\/famholmsten.se\/290kommuner\/wp-content\/uploads\/2023\/03\/20220922_165122_SM-G973F.jpg\" alt=\"\" class=\"wp-image-4562\"\/><\/a><\/figure>\n\n\n\n<figure class=\"wp-block-image size-large\"><a href=\"https:\/\/famholmsten.se\/290kommuner\/wp-content\/uploads\/2023\/03\/20220922_164917_SM-G973F.jpg\"><img loading=\"lazy\" decoding=\"async\" width=\"4032\" height=\"3024\" data-id=\"4565\" src=\"https:\/\/famholmsten.se\/290kommuner\/wp-content\/uploads\/2023\/03\/20220922_164917_SM-G973F.jpg\" alt=\"\" class=\"wp-image-4565\"\/><\/a><\/figure>\n<\/figure>\n\n\n<div class=\"leaflet-map WPLeafletMap\" style=\"height:400px; width:100%;\"><\/div><script>\nwindow.WPLeafletMapPlugin = window.WPLeafletMapPlugin || [];\nwindow.WPLeafletMapPlugin.push(function WPLeafletMapShortcode() {\/*<script>*\/\nvar baseUrl = atob('aHR0cHM6Ly97c30udGlsZS5vcGVuc3RyZWV0bWFwLm9yZy97en0ve3h9L3t5fS5wbmc=');\nvar base = (!baseUrl && window.MQ) ?\n    window.MQ.mapLayer() : L.tileLayer(baseUrl,\n        L.Util.extend({}, {\n            detectRetina: 0,\n        },\n        {\"subdomains\":\"abc\",\"accessToken\":\"pk.eyJ1IjoiZmFtaG9sbXN0ZW4iLCJhIjoiY2s2c2M5dDBpMGUwcTNlcXZocTl0ZGUxNSJ9.1ors-ho_4ccmezHFnyP0zQ\",\"noWrap\":false,\"maxZoom\":20}        )\n    );\n    var options = L.Util.extend({}, {\n        layers: [base],\n        attributionControl: false\n    },\n    {\"zoomControl\":true,\"scrollWheelZoom\":false,\"doubleClickZoom\":false,\"fitBounds\":true,\"minZoom\":0,\"maxZoom\":20,\"maxBounds\":null,\"attribution\":\"<a href=\\\"http:\\\/\\\/leafletjs.com\\\" title=\\\"A JS library for interactive maps\\\">Leaflet<\\\/a>; \\u00a9 <a href=\\\"http:\\\/\\\/www.openstreetmap.org\\\/copyright\\\">OpenStreetMap<\\\/a> contributors\"},\n    {});\nwindow.WPLeafletMapPlugin.createMap(options).setView([66.01515,23.399583333333],12);});<\/script>\n<script>\nwindow.WPLeafletMapPlugin = window.WPLeafletMapPlugin || [];\nwindow.WPLeafletMapPlugin.push(function WPLeafletMarkerShortcode() {\/*<script>*\/\nvar map = window.WPLeafletMapPlugin.getCurrentMap();\nvar group = window.WPLeafletMapPlugin.getCurrentGroup();\nvar marker_options = window.WPLeafletMapPlugin.getIconOptions({});\nvar marker = L.marker(\n    [66.01515,23.399583333333],\n    marker_options\n);\nvar is_image = map.is_image_map;\nif (marker_options.draggable) {\n    marker.on('dragend', function () {\n        var latlng = this.getLatLng();\n        var lat = latlng.lat;\n        var lng = latlng.lng;\n        if (is_image) {\n            console.log('leaflet-marker y=' + lat + ' x=' + lng);\n        } else {\n            console.log('leaflet-marker lat=' + lat + ' lng=' + lng);\n        }\n    });\n}\nmarker.addTo( group );\nmarker.bindPopup(window.WPLeafletMapPlugin.unescape('Haparanda'));window.WPLeafletMapPlugin.markers.push( marker );\n        });<\/script>\n<script>\nwindow.WPLeafletMapPlugin = window.WPLeafletMapPlugin || [];\nwindow.WPLeafletMapPlugin.push(function WPLeafletCircleShortcode() {\/*<script>*\/\nvar previous_map = window.WPLeafletMapPlugin.getCurrentMap();\nvar group = window.WPLeafletMapPlugin.getCurrentGroup();\nvar fitbounds = 0;\nvar is_image = previous_map.is_image_map;\nvar lat = 66.01515;\nvar lng = 23.399583333333;\nvar radius = 100;\n\/\/ update lat lng to previous map's center\nif (!lat && !lng && !is_image) {\n    var map_center = previous_map.getCenter();\n    lat = map_center.lat;\n    lng = map_center.lng;\n}\nvar circle = L.circle([lat, lng], {radius: radius});\ncircle.setStyle({\"opacity\":0,\"fillOpacity\":0,\"radius\":100});\ncircle.addTo( group );\nwindow.WPLeafletMapPlugin.circles.push( circle );\nif (fitbounds) {\n    \/\/ zoom the map to the polyline\n    previous_map.fitBounds( circle.getBounds() );\n}});<\/script>\n<script>\nwindow.WPLeafletMapPlugin = window.WPLeafletMapPlugin || [];\nwindow.WPLeafletMapPlugin.push(function WPLeafletMarkerShortcode() {\/*<script>*\/\nvar map = window.WPLeafletMapPlugin.getCurrentMap();\nvar group = window.WPLeafletMapPlugin.getCurrentGroup();\nvar marker_options = window.WPLeafletMapPlugin.getIconOptions({\"iconUrl\":\"\\\/hp\\\/parking.svg\",\"iconSize\":\"32,32\",\"iconAnchor\":\"16,32\"});\nvar marker = L.marker(\n    [66.01445,23.406066666667],\n    marker_options\n);\nvar is_image = map.is_image_map;\nif (marker_options.draggable) {\n    marker.on('dragend', function () {\n        var latlng = this.getLatLng();\n        var lat = latlng.lat;\n        var lng = latlng.lng;\n        if (is_image) {\n            console.log('leaflet-marker y=' + lat + ' x=' + lng);\n        } else {\n            console.log('leaflet-marker lat=' + lat + ' lng=' + lng);\n        }\n    });\n}\nmarker.addTo( group );\nmarker.bindPopup(window.WPLeafletMapPlugin.unescape('parkering'));window.WPLeafletMapPlugin.markers.push( marker );\n        });<\/script>\n<script>\nwindow.WPLeafletMapPlugin = window.WPLeafletMapPlugin || [];\nwindow.WPLeafletMapPlugin.push(function WPLeafletCircleShortcode() {\/*<script>*\/\nvar previous_map = window.WPLeafletMapPlugin.getCurrentMap();\nvar group = window.WPLeafletMapPlugin.getCurrentGroup();\nvar fitbounds = 0;\nvar is_image = previous_map.is_image_map;\nvar lat = 66.01445;\nvar lng = 23.406066666667;\nvar radius = 50;\n\/\/ update lat lng to previous map's center\nif (!lat && !lng && !is_image) {\n    var map_center = previous_map.getCenter();\n    lat = map_center.lat;\n    lng = map_center.lng;\n}\nvar circle = L.circle([lat, lng], {radius: radius});\ncircle.setStyle({\"opacity\":0,\"fillOpacity\":0,\"radius\":50});\ncircle.addTo( group );\nwindow.WPLeafletMapPlugin.circles.push( circle );\nif (fitbounds) {\n    \/\/ zoom the map to the polyline\n    previous_map.fitBounds( circle.getBounds() );\n}});<\/script>\n<table width='100%'><tr>\n<td>Highpoint: <a href='https:\/\/minkarta.lantmateriet.se\/plats\/3006\/v1.0\/?e=880086&n=7347114&z=12&mapprofile=bergodal&background=3&boundaries=false&category=highpoint&name=Haparanda'>N7347114 E880086<\/a><\/td><td><div align=center>@famholmsten<\/div><\/td><td><div align='right'>Parkering: <a href='https:\/\/minkarta.lantmateriet.se\/plats\/3006\/v1.0\/?e=880389&n=7347076&z=12&mapprofile=bergodal&background=3&boundaries=false&category=parking&name=Haparanda'>N7347076 E880389<\/a><\/div><\/td>\n<\/tr><\/table>\n\n","protected":false},"excerpt":{"rendered":"<p>Vi bes\u00f6kte platsen 22 september. Vi kunde parkera p\u00e5 mindre skogsv\u00e4g och tog oss d\u00e4rifr\u00e5n upp mot berget. Passerade n\u00e5gra byggnader som idag var tomma. Vi tror&hellip;<\/p>\n<p> <a class=\"more-link\" href=\"https:\/\/famholmsten.se\/290kommuner\/290kommuner\/norrbottens-lan\/haparanda\/\">L\u00e4s mer<\/a><\/p>\n","protected":false},"author":1,"featured_media":0,"parent":737,"menu_order":50,"comment_status":"closed","ping_status":"closed","template":"","meta":{"footnotes":""},"class_list":["post-3942","page","type-page","status-publish"],"_links":{"self":[{"href":"https:\/\/famholmsten.se\/290kommuner\/wp-json\/wp\/v2\/pages\/3942","targetHints":{"allow":["GET"]}}],"collection":[{"href":"https:\/\/famholmsten.se\/290kommuner\/wp-json\/wp\/v2\/pages"}],"about":[{"href":"https:\/\/famholmsten.se\/290kommuner\/wp-json\/wp\/v2\/types\/page"}],"author":[{"embeddable":true,"href":"https:\/\/famholmsten.se\/290kommuner\/wp-json\/wp\/v2\/users\/1"}],"replies":[{"embeddable":true,"href":"https:\/\/famholmsten.se\/290kommuner\/wp-json\/wp\/v2\/comments?post=3942"}],"version-history":[{"count":3,"href":"https:\/\/famholmsten.se\/290kommuner\/wp-json\/wp\/v2\/pages\/3942\/revisions"}],"predecessor-version":[{"id":4566,"href":"https:\/\/famholmsten.se\/290kommuner\/wp-json\/wp\/v2\/pages\/3942\/revisions\/4566"}],"up":[{"embeddable":true,"href":"https:\/\/famholmsten.se\/290kommuner\/wp-json\/wp\/v2\/pages\/737"}],"wp:attachment":[{"href":"https:\/\/famholmsten.se\/290kommuner\/wp-json\/wp\/v2\/media?parent=3942"}],"curies":[{"name":"wp","href":"https:\/\/api.w.org\/{rel}","templated":true}]}}