{"id":748,"date":"2019-11-11T12:50:02","date_gmt":"2019-11-11T11:50:02","guid":{"rendered":"http:\/\/holmsten.net\/wordpress\/?page_id=748"},"modified":"2023-08-07T20:29:00","modified_gmt":"2023-08-07T18:29:00","slug":"alvdalens-kommun-storvatteshagna","status":"publish","type":"page","link":"https:\/\/famholmsten.se\/290kommuner\/290kommuner\/dalarnas-lan\/alvdalens-kommun-storvatteshagna\/","title":{"rendered":"\u00c4lvdalen &#8211; Storv\u00e4ttesh\u00e5gna"},"content":{"rendered":"\n<p>Vi bes\u00f6kte platsen 18-20 september 2019.<br> <br>Gr\u00f6velsj\u00f6n \u00e4r en fantastisk plats f\u00f6r fj\u00e4llvandring. Vi har bes\u00f6kt detta fj\u00e4llomr\u00e5de m\u00e5nga g\u00e5nger, nu fick vi chansen att bes\u00f6ka platsen p\u00e5 nytt. <br>Vi \u00e5kte fr\u00e5n Stockholm med bil p\u00e5 fredag eftermiddag och parkerade vid Gr\u00f6velsj\u00f6 Fj\u00e4llstation. Efter en kort vandring till tr\u00e4dgr\u00e4nsen slog vi l\u00e4ger vid N62 06.144 E012 19.886.<br>P\u00e5 l\u00f6rdagen fortsatte vandringen mot Storv\u00e4ttesh\u00e5gna. Vi stannade vid bron N62 07.460 E012 23.962 satte upp t\u00e4lten, \u00e5t en bit lunch och fortsatte sedan den branta stigningen till kommunens h\u00f6gsta punkt.<br>Det var klart v\u00e4der, bl\u00e5sigt och en fin tur till toppen. Fin utsikt \u00f6ver svenska och norska fj\u00e4llen. <br><br>Storv\u00e4ttesh\u00e5gna kan vi varmt rekommendera att bes\u00f6ka, s\u00e4rskilt med yngre familjemedlemmar d\u00e5 avst\u00e5ndet fr\u00e5n civilisation inte \u00e4r allt f\u00f6r l\u00e5ngt.<br>T\u00e4nk p\u00e5 att inte ta dig upp i fj\u00e4llnatur om du inte \u00e4r van, ta hellre med dig en guide alternativt g\u00e5 i en grupp d\u00e4r det finns vana fj\u00e4llvandrare.<\/p>\n\n\n\n<figure class=\"wp-block-image size-large is-resized\"><img fetchpriority=\"high\" decoding=\"async\" src=\"https:\/\/famholmsten.se\/290kommuner\/wp-content\/uploads\/2020\/10\/20190921_141705_SM-G920F-1024x1024.jpg\" alt=\"\" class=\"wp-image-2098\" width=\"248\" height=\"248\" srcset=\"https:\/\/famholmsten.se\/290kommuner\/wp-content\/uploads\/2020\/10\/20190921_141705_SM-G920F-1024x1024.jpg 1024w, https:\/\/famholmsten.se\/290kommuner\/wp-content\/uploads\/2020\/10\/20190921_141705_SM-G920F-300x300.jpg 300w, https:\/\/famholmsten.se\/290kommuner\/wp-content\/uploads\/2020\/10\/20190921_141705_SM-G920F-150x150.jpg 150w, https:\/\/famholmsten.se\/290kommuner\/wp-content\/uploads\/2020\/10\/20190921_141705_SM-G920F-1536x1536.jpg 1536w, https:\/\/famholmsten.se\/290kommuner\/wp-content\/uploads\/2020\/10\/20190921_141705_SM-G920F-2048x2048.jpg 2048w\" sizes=\"(max-width: 248px) 100vw, 248px\" \/><\/figure>\n\n\n\n<figure class=\"wp-block-image size-large is-resized\"><img decoding=\"async\" src=\"https:\/\/famholmsten.se\/290kommuner\/wp-content\/uploads\/2020\/10\/20190921_141837_SM-G920F-1024x1024.jpg\" alt=\"\" class=\"wp-image-2099\" width=\"177\" height=\"177\" srcset=\"https:\/\/famholmsten.se\/290kommuner\/wp-content\/uploads\/2020\/10\/20190921_141837_SM-G920F-1024x1024.jpg 1024w, https:\/\/famholmsten.se\/290kommuner\/wp-content\/uploads\/2020\/10\/20190921_141837_SM-G920F-300x300.jpg 300w, https:\/\/famholmsten.se\/290kommuner\/wp-content\/uploads\/2020\/10\/20190921_141837_SM-G920F-150x150.jpg 150w, https:\/\/famholmsten.se\/290kommuner\/wp-content\/uploads\/2020\/10\/20190921_141837_SM-G920F-1536x1536.jpg 1536w, https:\/\/famholmsten.se\/290kommuner\/wp-content\/uploads\/2020\/10\/20190921_141837_SM-G920F-2048x2048.jpg 2048w\" sizes=\"(max-width: 177px) 100vw, 177px\" \/><\/figure>\n\n\n\n<figure class=\"wp-block-image size-large is-resized\"><img decoding=\"async\" src=\"https:\/\/famholmsten.se\/290kommuner\/wp-content\/uploads\/2020\/10\/20190921_152312_SM-G920F-1024x1024.jpg\" alt=\"\" class=\"wp-image-2100\" width=\"149\" height=\"149\" srcset=\"https:\/\/famholmsten.se\/290kommuner\/wp-content\/uploads\/2020\/10\/20190921_152312_SM-G920F-1024x1024.jpg 1024w, https:\/\/famholmsten.se\/290kommuner\/wp-content\/uploads\/2020\/10\/20190921_152312_SM-G920F-300x300.jpg 300w, https:\/\/famholmsten.se\/290kommuner\/wp-content\/uploads\/2020\/10\/20190921_152312_SM-G920F-150x150.jpg 150w, https:\/\/famholmsten.se\/290kommuner\/wp-content\/uploads\/2020\/10\/20190921_152312_SM-G920F-1536x1536.jpg 1536w, https:\/\/famholmsten.se\/290kommuner\/wp-content\/uploads\/2020\/10\/20190921_152312_SM-G920F-2048x2048.jpg 2048w\" sizes=\"(max-width: 149px) 100vw, 149px\" \/><\/figure>\n\n\n<div class=\"leaflet-map WPLeafletMap\" style=\"height:400px; width:100%;\"><\/div><script>\nwindow.WPLeafletMapPlugin = window.WPLeafletMapPlugin || [];\nwindow.WPLeafletMapPlugin.push(function WPLeafletMapShortcode() {\/*<script>*\/\nvar baseUrl = atob('aHR0cHM6Ly97c30udGlsZS5vcGVuc3RyZWV0bWFwLm9yZy97en0ve3h9L3t5fS5wbmc=');\nvar base = (!baseUrl && window.MQ) ?\n    window.MQ.mapLayer() : L.tileLayer(baseUrl,\n        L.Util.extend({}, {\n            detectRetina: 0,\n        },\n        {\"subdomains\":\"abc\",\"accessToken\":\"pk.eyJ1IjoiZmFtaG9sbXN0ZW4iLCJhIjoiY2s2c2M5dDBpMGUwcTNlcXZocTl0ZGUxNSJ9.1ors-ho_4ccmezHFnyP0zQ\",\"noWrap\":false,\"maxZoom\":20}        )\n    );\n    var options = L.Util.extend({}, {\n        layers: [base],\n        attributionControl: false\n    },\n    {\"zoomControl\":true,\"scrollWheelZoom\":false,\"doubleClickZoom\":false,\"fitBounds\":true,\"minZoom\":0,\"maxZoom\":20,\"maxBounds\":null,\"attribution\":\"<a href=\\\"http:\\\/\\\/leafletjs.com\\\" title=\\\"A JS library for interactive maps\\\">Leaflet<\\\/a>; \\u00a9 <a href=\\\"http:\\\/\\\/www.openstreetmap.org\\\/copyright\\\">OpenStreetMap<\\\/a> contributors\"},\n    {});\nwindow.WPLeafletMapPlugin.createMap(options).setView([62.120733333333,12.451333333333],12);});<\/script>\n<script>\nwindow.WPLeafletMapPlugin = window.WPLeafletMapPlugin || [];\nwindow.WPLeafletMapPlugin.push(function WPLeafletMarkerShortcode() {\/*<script>*\/\nvar map = window.WPLeafletMapPlugin.getCurrentMap();\nvar group = window.WPLeafletMapPlugin.getCurrentGroup();\nvar marker_options = window.WPLeafletMapPlugin.getIconOptions({});\nvar marker = L.marker(\n    [62.120733333333,12.451333333333],\n    marker_options\n);\nvar is_image = map.is_image_map;\nif (marker_options.draggable) {\n    marker.on('dragend', function () {\n        var latlng = this.getLatLng();\n        var lat = latlng.lat;\n        var lng = latlng.lng;\n        if (is_image) {\n            console.log('leaflet-marker y=' + lat + ' x=' + lng);\n        } else {\n            console.log('leaflet-marker lat=' + lat + ' lng=' + lng);\n        }\n    });\n}\nmarker.addTo( group );\nmarker.bindPopup(window.WPLeafletMapPlugin.unescape('\u00c4lvdalen'));window.WPLeafletMapPlugin.markers.push( marker );\n        });<\/script>\n<script>\nwindow.WPLeafletMapPlugin = window.WPLeafletMapPlugin || [];\nwindow.WPLeafletMapPlugin.push(function WPLeafletCircleShortcode() {\/*<script>*\/\nvar previous_map = window.WPLeafletMapPlugin.getCurrentMap();\nvar group = window.WPLeafletMapPlugin.getCurrentGroup();\nvar fitbounds = 0;\nvar is_image = previous_map.is_image_map;\nvar lat = 62.120733333333;\nvar lng = 12.451333333333;\nvar radius = 100;\n\/\/ update lat lng to previous map's center\nif (!lat && !lng && !is_image) {\n    var map_center = previous_map.getCenter();\n    lat = map_center.lat;\n    lng = map_center.lng;\n}\nvar circle = L.circle([lat, lng], {radius: radius});\ncircle.setStyle({\"opacity\":0,\"fillOpacity\":0,\"radius\":100});\ncircle.addTo( group );\nwindow.WPLeafletMapPlugin.circles.push( circle );\nif (fitbounds) {\n    \/\/ zoom the map to the polyline\n    previous_map.fitBounds( circle.getBounds() );\n}});<\/script>\n<script>\nwindow.WPLeafletMapPlugin = window.WPLeafletMapPlugin || [];\nwindow.WPLeafletMapPlugin.push(function WPLeafletMarkerShortcode() {\/*<script>*\/\nvar map = window.WPLeafletMapPlugin.getCurrentMap();\nvar group = window.WPLeafletMapPlugin.getCurrentGroup();\nvar marker_options = window.WPLeafletMapPlugin.getIconOptions({\"iconUrl\":\"\\\/hp\\\/parking.svg\",\"iconSize\":\"32,32\",\"iconAnchor\":\"16,32\"});\nvar marker = L.marker(\n    [62.098216666667,12.313183333333],\n    marker_options\n);\nvar is_image = map.is_image_map;\nif (marker_options.draggable) {\n    marker.on('dragend', function () {\n        var latlng = this.getLatLng();\n        var lat = latlng.lat;\n        var lng = latlng.lng;\n        if (is_image) {\n            console.log('leaflet-marker y=' + lat + ' x=' + lng);\n        } else {\n            console.log('leaflet-marker lat=' + lat + ' lng=' + lng);\n        }\n    });\n}\nmarker.addTo( group );\nmarker.bindPopup(window.WPLeafletMapPlugin.unescape('parkering'));window.WPLeafletMapPlugin.markers.push( marker );\n        });<\/script>\n<script>\nwindow.WPLeafletMapPlugin = window.WPLeafletMapPlugin || [];\nwindow.WPLeafletMapPlugin.push(function WPLeafletCircleShortcode() {\/*<script>*\/\nvar previous_map = window.WPLeafletMapPlugin.getCurrentMap();\nvar group = window.WPLeafletMapPlugin.getCurrentGroup();\nvar fitbounds = 0;\nvar is_image = previous_map.is_image_map;\nvar lat = 62.098216666667;\nvar lng = 12.313183333333;\nvar radius = 50;\n\/\/ update lat lng to previous map's center\nif (!lat && !lng && !is_image) {\n    var map_center = previous_map.getCenter();\n    lat = map_center.lat;\n    lng = map_center.lng;\n}\nvar circle = L.circle([lat, lng], {radius: radius});\ncircle.setStyle({\"opacity\":0,\"fillOpacity\":0,\"radius\":50});\ncircle.addTo( group );\nwindow.WPLeafletMapPlugin.circles.push( circle );\nif (fitbounds) {\n    \/\/ zoom the map to the polyline\n    previous_map.fitBounds( circle.getBounds() );\n}});<\/script>\n<table width='100%'><tr>\n<td>Highpoint: <a href='https:\/\/minkarta.lantmateriet.se\/plats\/3006\/v1.0\/?e=367061&n=6890244&z=12&mapprofile=bergodal&background=3&boundaries=false&category=highpoint&name=\u00c4lvdalen'>N6890244 E367061<\/a><\/td><td><div align=center>@famholmsten<\/div><\/td><td><div align='right'>Parkering: <a href='https:\/\/minkarta.lantmateriet.se\/plats\/3006\/v1.0\/?e=359754&n=6888028&z=12&mapprofile=bergodal&background=3&boundaries=false&category=parking&name=\u00c4lvdalen'>N6888028 E359754<\/a><\/div><\/td>\n<\/tr><\/table>\n\n","protected":false},"excerpt":{"rendered":"<p>Vi bes\u00f6kte platsen 18-20 september 2019. Gr\u00f6velsj\u00f6n \u00e4r en fantastisk plats f\u00f6r fj\u00e4llvandring. Vi har bes\u00f6kt detta fj\u00e4llomr\u00e5de m\u00e5nga g\u00e5nger, nu fick vi chansen att bes\u00f6ka platsen&hellip;<\/p>\n<p> <a class=\"more-link\" href=\"https:\/\/famholmsten.se\/290kommuner\/290kommuner\/dalarnas-lan\/alvdalens-kommun-storvatteshagna\/\">L\u00e4s mer<\/a><\/p>\n","protected":false},"author":1,"featured_media":0,"parent":735,"menu_order":150,"comment_status":"closed","ping_status":"closed","template":"","meta":{"footnotes":""},"class_list":["post-748","page","type-page","status-publish"],"_links":{"self":[{"href":"https:\/\/famholmsten.se\/290kommuner\/wp-json\/wp\/v2\/pages\/748","targetHints":{"allow":["GET"]}}],"collection":[{"href":"https:\/\/famholmsten.se\/290kommuner\/wp-json\/wp\/v2\/pages"}],"about":[{"href":"https:\/\/famholmsten.se\/290kommuner\/wp-json\/wp\/v2\/types\/page"}],"author":[{"embeddable":true,"href":"https:\/\/famholmsten.se\/290kommuner\/wp-json\/wp\/v2\/users\/1"}],"replies":[{"embeddable":true,"href":"https:\/\/famholmsten.se\/290kommuner\/wp-json\/wp\/v2\/comments?post=748"}],"version-history":[{"count":1,"href":"https:\/\/famholmsten.se\/290kommuner\/wp-json\/wp\/v2\/pages\/748\/revisions"}],"predecessor-version":[{"id":4715,"href":"https:\/\/famholmsten.se\/290kommuner\/wp-json\/wp\/v2\/pages\/748\/revisions\/4715"}],"up":[{"embeddable":true,"href":"https:\/\/famholmsten.se\/290kommuner\/wp-json\/wp\/v2\/pages\/735"}],"wp:attachment":[{"href":"https:\/\/famholmsten.se\/290kommuner\/wp-json\/wp\/v2\/media?parent=748"}],"curies":[{"name":"wp","href":"https:\/\/api.w.org\/{rel}","templated":true}]}}