{"id":796,"date":"2019-11-12T13:27:15","date_gmt":"2019-11-12T12:27:15","guid":{"rendered":"http:\/\/holmsten.net\/wordpress\/?page_id=796"},"modified":"2023-08-07T13:16:48","modified_gmt":"2023-08-07T11:16:48","slug":"lidingo-stad-ekholmsnas","status":"publish","type":"page","link":"https:\/\/famholmsten.se\/290kommuner\/290kommuner\/stockholms-lan\/lidingo-stad-ekholmsnas\/","title":{"rendered":"Liding\u00f6 &#8211; Ekholmsn\u00e4s"},"content":{"rendered":"\n<p>Vi bes\u00f6kte platsen 14 oktober 2019 och 29 mars 2022.<br><br>Ekholmn\u00e4sbacken som vi bes\u00f6kt f\u00f6r n\u00e5got \u00e5r sedan \u00e4r inte en &#8221;naturlig&#8221; punkt. Nu tog vi \u00e4ntligen oss tid att \u00e5ka till den h\u00f6gsta &#8221;naturliga&#8221; punkten. Toppen finns strax bakom flerfamiljshusen i Sticklinge (Terr\u00e4ngv\u00e4gen). En kort promenad genom skogen och vi kunde checka av \u00e4nnu en kommun.<\/p>\n\n\n\n<figure class=\"wp-block-gallery has-nested-images columns-default is-cropped wp-block-gallery-1 is-layout-flex wp-block-gallery-is-layout-flex\">\n<figure class=\"wp-block-image size-large\"><a href=\"https:\/\/famholmsten.se\/290kommuner\/wp-content\/uploads\/2022\/04\/20220329_171428.jpg\"><img fetchpriority=\"high\" decoding=\"async\" width=\"4032\" height=\"3024\" data-id=\"3470\" src=\"https:\/\/famholmsten.se\/290kommuner\/wp-content\/uploads\/2022\/04\/20220329_171428.jpg\" alt=\"\" class=\"wp-image-3470\"\/><\/a><\/figure>\n\n\n\n<figure class=\"wp-block-image size-large\"><a href=\"https:\/\/famholmsten.se\/290kommuner\/wp-content\/uploads\/2022\/04\/20220329_171440.jpg\"><img decoding=\"async\" width=\"4032\" height=\"3024\" data-id=\"3469\" src=\"https:\/\/famholmsten.se\/290kommuner\/wp-content\/uploads\/2022\/04\/20220329_171440.jpg\" alt=\"\" class=\"wp-image-3469\"\/><\/a><\/figure>\n\n\n\n<figure class=\"wp-block-image size-large\"><a href=\"https:\/\/famholmsten.se\/290kommuner\/wp-content\/uploads\/2022\/04\/20220329_171500.jpg\"><img decoding=\"async\" width=\"2944\" height=\"2208\" data-id=\"3468\" src=\"https:\/\/famholmsten.se\/290kommuner\/wp-content\/uploads\/2022\/04\/20220329_171500.jpg\" alt=\"\" class=\"wp-image-3468\"\/><\/a><\/figure>\n<\/figure>\n\n\n\n<p>Det fanns gott om parkeringsplatser denna regniga och m\u00f6rka vardagkv\u00e4ll.<br>Vi promenerade upp p\u00e5 toppen l\u00e4ngst med en grusad g\u00e5ng. V\u00e4l uppe p\u00e5 toppen m\u00f6ttes vi av geggig och lerig mark. Detta \u00e4ren topp som antingen ska bestigas med skidor eller n\u00e4r det \u00e4r torrt i backen \ud83d\ude42<br>En bonus var att vi hittade en geocache. Fin utsikt \u00e5t alla v\u00e4derstreck.<\/p>\n\n\n\n<figure class=\"wp-block-image size-large is-resized\"><img loading=\"lazy\" decoding=\"async\" src=\"https:\/\/famholmsten.se\/290kommuner\/wp-content\/uploads\/2020\/08\/L1-1024x1024.jpg\" alt=\"\" class=\"wp-image-1941\" width=\"172\" height=\"172\" srcset=\"https:\/\/famholmsten.se\/290kommuner\/wp-content\/uploads\/2020\/08\/L1-1024x1024.jpg 1024w, https:\/\/famholmsten.se\/290kommuner\/wp-content\/uploads\/2020\/08\/L1-300x300.jpg 300w, https:\/\/famholmsten.se\/290kommuner\/wp-content\/uploads\/2020\/08\/L1-150x150.jpg 150w, https:\/\/famholmsten.se\/290kommuner\/wp-content\/uploads\/2020\/08\/L1-1536x1536.jpg 1536w, https:\/\/famholmsten.se\/290kommuner\/wp-content\/uploads\/2020\/08\/L1-2048x2048.jpg 2048w\" sizes=\"(max-width: 172px) 100vw, 172px\" \/><figcaption>Yeah, en geocache p\u00e5 toppen!<\/figcaption><\/figure>\n\n\n<div class=\"leaflet-map WPLeafletMap\" style=\"height:400px; width:100%;\"><\/div><script>\nwindow.WPLeafletMapPlugin = window.WPLeafletMapPlugin || [];\nwindow.WPLeafletMapPlugin.push(function WPLeafletMapShortcode() {\/*<script>*\/\nvar baseUrl = atob('aHR0cHM6Ly97c30udGlsZS5vcGVuc3RyZWV0bWFwLm9yZy97en0ve3h9L3t5fS5wbmc=');\nvar base = (!baseUrl && window.MQ) ?\n    window.MQ.mapLayer() : L.tileLayer(baseUrl,\n        L.Util.extend({}, {\n            detectRetina: 0,\n        },\n        {\"subdomains\":\"abc\",\"accessToken\":\"pk.eyJ1IjoiZmFtaG9sbXN0ZW4iLCJhIjoiY2s2c2M5dDBpMGUwcTNlcXZocTl0ZGUxNSJ9.1ors-ho_4ccmezHFnyP0zQ\",\"noWrap\":false,\"maxZoom\":20}        )\n    );\n    var options = L.Util.extend({}, {\n        layers: [base],\n        attributionControl: false\n    },\n    {\"zoomControl\":true,\"scrollWheelZoom\":false,\"doubleClickZoom\":false,\"fitBounds\":true,\"minZoom\":0,\"maxZoom\":20,\"maxBounds\":null,\"attribution\":\"<a href=\\\"http:\\\/\\\/leafletjs.com\\\" title=\\\"A JS library for interactive maps\\\">Leaflet<\\\/a>; \\u00a9 <a href=\\\"http:\\\/\\\/www.openstreetmap.org\\\/copyright\\\">OpenStreetMap<\\\/a> contributors\"},\n    {});\nwindow.WPLeafletMapPlugin.createMap(options).setView([59.37945,18.114033333333],12);});<\/script>\n<script>\nwindow.WPLeafletMapPlugin = window.WPLeafletMapPlugin || [];\nwindow.WPLeafletMapPlugin.push(function WPLeafletMarkerShortcode() {\/*<script>*\/\nvar map = window.WPLeafletMapPlugin.getCurrentMap();\nvar group = window.WPLeafletMapPlugin.getCurrentGroup();\nvar marker_options = window.WPLeafletMapPlugin.getIconOptions({});\nvar marker = L.marker(\n    [59.37945,18.114033333333],\n    marker_options\n);\nvar is_image = map.is_image_map;\nif (marker_options.draggable) {\n    marker.on('dragend', function () {\n        var latlng = this.getLatLng();\n        var lat = latlng.lat;\n        var lng = latlng.lng;\n        if (is_image) {\n            console.log('leaflet-marker y=' + lat + ' x=' + lng);\n        } else {\n            console.log('leaflet-marker lat=' + lat + ' lng=' + lng);\n        }\n    });\n}\nmarker.addTo( group );\nmarker.bindPopup(window.WPLeafletMapPlugin.unescape('Liding\u00f6'));window.WPLeafletMapPlugin.markers.push( marker );\n        });<\/script>\n<script>\nwindow.WPLeafletMapPlugin = window.WPLeafletMapPlugin || [];\nwindow.WPLeafletMapPlugin.push(function WPLeafletCircleShortcode() {\/*<script>*\/\nvar previous_map = window.WPLeafletMapPlugin.getCurrentMap();\nvar group = window.WPLeafletMapPlugin.getCurrentGroup();\nvar fitbounds = 0;\nvar is_image = previous_map.is_image_map;\nvar lat = 59.37945;\nvar lng = 18.114033333333;\nvar radius = 100;\n\/\/ update lat lng to previous map's center\nif (!lat && !lng && !is_image) {\n    var map_center = previous_map.getCenter();\n    lat = map_center.lat;\n    lng = map_center.lng;\n}\nvar circle = L.circle([lat, lng], {radius: radius});\ncircle.setStyle({\"opacity\":0,\"fillOpacity\":0,\"radius\":100});\ncircle.addTo( group );\nwindow.WPLeafletMapPlugin.circles.push( circle );\nif (fitbounds) {\n    \/\/ zoom the map to the polyline\n    previous_map.fitBounds( circle.getBounds() );\n}});<\/script>\n<table width='100%'><tr>\n<td>Highpoint: <a href='https:\/\/minkarta.lantmateriet.se\/plats\/3006\/v1.0\/?e=676894&n=6586444&z=12&mapprofile=bergodal&background=3&boundaries=false&category=highpoint&name=Liding\u00f6'>N6586444 E676894<\/a><\/td><td><div align=center>@famholmsten<\/div><\/td><td>&nbsp;<\/td>\n<\/tr><\/table>\n\n","protected":false},"excerpt":{"rendered":"<p>Vi bes\u00f6kte platsen 14 oktober 2019 och 29 mars 2022. Ekholmn\u00e4sbacken som vi bes\u00f6kt f\u00f6r n\u00e5got \u00e5r sedan \u00e4r inte en &#8221;naturlig&#8221; punkt. Nu tog vi \u00e4ntligen&hellip;<\/p>\n<p> <a class=\"more-link\" href=\"https:\/\/famholmsten.se\/290kommuner\/290kommuner\/stockholms-lan\/lidingo-stad-ekholmsnas\/\">L\u00e4s mer<\/a><\/p>\n","protected":false},"author":1,"featured_media":0,"parent":723,"menu_order":70,"comment_status":"closed","ping_status":"closed","template":"","meta":{"footnotes":""},"class_list":["post-796","page","type-page","status-publish"],"_links":{"self":[{"href":"https:\/\/famholmsten.se\/290kommuner\/wp-json\/wp\/v2\/pages\/796","targetHints":{"allow":["GET"]}}],"collection":[{"href":"https:\/\/famholmsten.se\/290kommuner\/wp-json\/wp\/v2\/pages"}],"about":[{"href":"https:\/\/famholmsten.se\/290kommuner\/wp-json\/wp\/v2\/types\/page"}],"author":[{"embeddable":true,"href":"https:\/\/famholmsten.se\/290kommuner\/wp-json\/wp\/v2\/users\/1"}],"replies":[{"embeddable":true,"href":"https:\/\/famholmsten.se\/290kommuner\/wp-json\/wp\/v2\/comments?post=796"}],"version-history":[{"count":1,"href":"https:\/\/famholmsten.se\/290kommuner\/wp-json\/wp\/v2\/pages\/796\/revisions"}],"predecessor-version":[{"id":4687,"href":"https:\/\/famholmsten.se\/290kommuner\/wp-json\/wp\/v2\/pages\/796\/revisions\/4687"}],"up":[{"embeddable":true,"href":"https:\/\/famholmsten.se\/290kommuner\/wp-json\/wp\/v2\/pages\/723"}],"wp:attachment":[{"href":"https:\/\/famholmsten.se\/290kommuner\/wp-json\/wp\/v2\/media?parent=796"}],"curies":[{"name":"wp","href":"https:\/\/api.w.org\/{rel}","templated":true}]}}