{"id":932,"date":"2020-01-21T22:05:05","date_gmt":"2020-01-21T21:05:05","guid":{"rendered":"https:\/\/famholmsten.se\/?page_id=932"},"modified":"2024-04-06T15:07:16","modified_gmt":"2024-04-06T13:07:16","slug":"ljusnarsbergs-kommun-alvhojden","status":"publish","type":"page","link":"https:\/\/famholmsten.se\/290kommuner\/290kommuner\/orebro-lan\/ljusnarsbergs-kommun-alvhojden\/","title":{"rendered":"Ljusnarsberg &#8211; \u00c4lvh\u00f6jden\/Kullberget"},"content":{"rendered":"\n<p>Vi bes\u00f6kte platsen 6 juni 2019.<br><br>Framme vid toppen st\u00e5r flertal betongfundament som visar att det varit n\u00e5gon typ av verksamhet h\u00e4r.<\/p>\n\n\n\n<figure class=\"wp-block-image size-large is-resized\"><img decoding=\"async\" src=\"https:\/\/famholmsten.se\/290kommuner\/wp-content\/uploads\/2020\/10\/Ljusnarsberg-1024x1024.jpg\" alt=\"\" class=\"wp-image-2060\" width=\"209\" height=\"209\" srcset=\"https:\/\/famholmsten.se\/290kommuner\/wp-content\/uploads\/2020\/10\/Ljusnarsberg-1024x1024.jpg 1024w, https:\/\/famholmsten.se\/290kommuner\/wp-content\/uploads\/2020\/10\/Ljusnarsberg-300x300.jpg 300w, https:\/\/famholmsten.se\/290kommuner\/wp-content\/uploads\/2020\/10\/Ljusnarsberg-150x150.jpg 150w, https:\/\/famholmsten.se\/290kommuner\/wp-content\/uploads\/2020\/10\/Ljusnarsberg-1536x1536.jpg 1536w, https:\/\/famholmsten.se\/290kommuner\/wp-content\/uploads\/2020\/10\/Ljusnarsberg-2048x2048.jpg 2048w\" sizes=\"(max-width: 209px) 100vw, 209px\" \/><figcaption>Kullberget, h\u00f6gsta punkten i kommunen<\/figcaption><\/figure>\n\n\n\n<p>Rekommenderar \u00e4ven ett bes\u00f6k i n\u00e4rliggande torn med koordinater:<\/p>\n\n\n\n<p>Tornet: N60 00.029 E014 47.791<br>Parkering: N60 00.013 E014 47.134<br>H\u00e4r finns \u00e4ven en geocache.<br>G\u00e5 upp i tornet p\u00e5 egen risk, v\u00e4l uppe har man en fantastisk utsikt.<\/p>\n\n\n\n<figure class=\"wp-block-image size-large is-resized\"><img decoding=\"async\" src=\"https:\/\/famholmsten.se\/290kommuner\/wp-content\/uploads\/2020\/10\/20190606_130647_SM-G920F-1024x1024.jpg\" alt=\"\" class=\"wp-image-2083\" width=\"195\" height=\"195\" srcset=\"https:\/\/famholmsten.se\/290kommuner\/wp-content\/uploads\/2020\/10\/20190606_130647_SM-G920F-1024x1024.jpg 1024w, https:\/\/famholmsten.se\/290kommuner\/wp-content\/uploads\/2020\/10\/20190606_130647_SM-G920F-300x300.jpg 300w, https:\/\/famholmsten.se\/290kommuner\/wp-content\/uploads\/2020\/10\/20190606_130647_SM-G920F-150x150.jpg 150w, https:\/\/famholmsten.se\/290kommuner\/wp-content\/uploads\/2020\/10\/20190606_130647_SM-G920F-1536x1536.jpg 1536w, https:\/\/famholmsten.se\/290kommuner\/wp-content\/uploads\/2020\/10\/20190606_130647_SM-G920F-2048x2048.jpg 2048w\" sizes=\"(max-width: 195px) 100vw, 195px\" \/><figcaption>Tornet i n\u00e4rheten av toppen<\/figcaption><\/figure>\n\n\n\n<div class=\"leaflet-map WPLeafletMap\" style=\"height:400px; width:100%;\"><\/div><script>\nwindow.WPLeafletMapPlugin = window.WPLeafletMapPlugin || [];\nwindow.WPLeafletMapPlugin.push(function WPLeafletMapShortcode() {\/*<script>*\/\nvar baseUrl = atob('aHR0cHM6Ly97c30udGlsZS5vcGVuc3RyZWV0bWFwLm9yZy97en0ve3h9L3t5fS5wbmc=');\nvar base = (!baseUrl && window.MQ) ?\n    window.MQ.mapLayer() : L.tileLayer(baseUrl,\n        L.Util.extend({}, {\n            detectRetina: 0,\n        },\n        {\"subdomains\":\"abc\",\"accessToken\":\"pk.eyJ1IjoiZmFtaG9sbXN0ZW4iLCJhIjoiY2s2c2M5dDBpMGUwcTNlcXZocTl0ZGUxNSJ9.1ors-ho_4ccmezHFnyP0zQ\",\"noWrap\":false,\"maxZoom\":20}        )\n    );\n    var options = L.Util.extend({}, {\n        layers: [base],\n        attributionControl: false\n    },\n    {\"zoomControl\":true,\"scrollWheelZoom\":false,\"doubleClickZoom\":false,\"fitBounds\":true,\"minZoom\":0,\"maxZoom\":20,\"maxBounds\":null,\"attribution\":\"<a href=\\\"http:\\\/\\\/leafletjs.com\\\" title=\\\"A JS library for interactive maps\\\">Leaflet<\\\/a>; \\u00a9 <a href=\\\"http:\\\/\\\/www.openstreetmap.org\\\/copyright\\\">OpenStreetMap<\\\/a> contributors\"},\n    {});\nwindow.WPLeafletMapPlugin.createMap(options).setView([60.0101,14.798066666667],12);});<\/script>\n<script>\nwindow.WPLeafletMapPlugin = window.WPLeafletMapPlugin || [];\nwindow.WPLeafletMapPlugin.push(function WPLeafletMarkerShortcode() {\/*<script>*\/\nvar map = window.WPLeafletMapPlugin.getCurrentMap();\nvar group = window.WPLeafletMapPlugin.getCurrentGroup();\nvar marker_options = window.WPLeafletMapPlugin.getIconOptions({});\nvar marker = L.marker(\n    [60.0101,14.798066666667],\n    marker_options\n);\nvar is_image = map.is_image_map;\nif (marker_options.draggable) {\n    marker.on('dragend', function () {\n        var latlng = this.getLatLng();\n        var lat = latlng.lat;\n        var lng = latlng.lng;\n        if (is_image) {\n            console.log('leaflet-marker y=' + lat + ' x=' + lng);\n        } else {\n            console.log('leaflet-marker lat=' + lat + ' lng=' + lng);\n        }\n    });\n}\nmarker.addTo( group );\nmarker.bindPopup(window.WPLeafletMapPlugin.unescape('Ljusnarsberg'));window.WPLeafletMapPlugin.markers.push( marker );\n        });<\/script>\n<script>\nwindow.WPLeafletMapPlugin = window.WPLeafletMapPlugin || [];\nwindow.WPLeafletMapPlugin.push(function WPLeafletCircleShortcode() {\/*<script>*\/\nvar previous_map = window.WPLeafletMapPlugin.getCurrentMap();\nvar group = window.WPLeafletMapPlugin.getCurrentGroup();\nvar fitbounds = 0;\nvar is_image = previous_map.is_image_map;\nvar lat = 60.0101;\nvar lng = 14.798066666667;\nvar radius = 100;\n\/\/ update lat lng to previous map's center\nif (!lat && !lng && !is_image) {\n    var map_center = previous_map.getCenter();\n    lat = map_center.lat;\n    lng = map_center.lng;\n}\nvar circle = L.circle([lat, lng], {radius: radius});\ncircle.setStyle({\"opacity\":0,\"fillOpacity\":0,\"radius\":100});\ncircle.addTo( group );\nwindow.WPLeafletMapPlugin.circles.push( circle );\nif (fitbounds) {\n    \/\/ zoom the map to the polyline\n    previous_map.fitBounds( circle.getBounds() );\n}});<\/script>\n<script>\nwindow.WPLeafletMapPlugin = window.WPLeafletMapPlugin || [];\nwindow.WPLeafletMapPlugin.push(function WPLeafletMarkerShortcode() {\/*<script>*\/\nvar map = window.WPLeafletMapPlugin.getCurrentMap();\nvar group = window.WPLeafletMapPlugin.getCurrentGroup();\nvar marker_options = window.WPLeafletMapPlugin.getIconOptions({\"iconUrl\":\"\\\/hp\\\/parking.svg\",\"iconSize\":\"32,32\",\"iconAnchor\":\"16,32\"});\nvar marker = L.marker(\n    [60.009633333333,14.788383333333],\n    marker_options\n);\nvar is_image = map.is_image_map;\nif (marker_options.draggable) {\n    marker.on('dragend', function () {\n        var latlng = this.getLatLng();\n        var lat = latlng.lat;\n        var lng = latlng.lng;\n        if (is_image) {\n            console.log('leaflet-marker y=' + lat + ' x=' + lng);\n        } else {\n            console.log('leaflet-marker lat=' + lat + ' lng=' + lng);\n        }\n    });\n}\nmarker.addTo( group );\nmarker.bindPopup(window.WPLeafletMapPlugin.unescape('parkering'));window.WPLeafletMapPlugin.markers.push( marker );\n        });<\/script>\n<script>\nwindow.WPLeafletMapPlugin = window.WPLeafletMapPlugin || [];\nwindow.WPLeafletMapPlugin.push(function WPLeafletCircleShortcode() {\/*<script>*\/\nvar previous_map = window.WPLeafletMapPlugin.getCurrentMap();\nvar group = window.WPLeafletMapPlugin.getCurrentGroup();\nvar fitbounds = 0;\nvar is_image = previous_map.is_image_map;\nvar lat = 60.009633333333;\nvar lng = 14.788383333333;\nvar radius = 50;\n\/\/ update lat lng to previous map's center\nif (!lat && !lng && !is_image) {\n    var map_center = previous_map.getCenter();\n    lat = map_center.lat;\n    lng = map_center.lng;\n}\nvar circle = L.circle([lat, lng], {radius: radius});\ncircle.setStyle({\"opacity\":0,\"fillOpacity\":0,\"radius\":50});\ncircle.addTo( group );\nwindow.WPLeafletMapPlugin.circles.push( circle );\nif (fitbounds) {\n    \/\/ zoom the map to the polyline\n    previous_map.fitBounds( circle.getBounds() );\n}});<\/script>\n<table width='100%'><tr>\n<td>Highpoint: <a href='https:\/\/minkarta.lantmateriet.se\/plats\/3006\/v1.0\/?e=488740&n=6652553&z=12&mapprofile=bergodal&background=3&boundaries=false&category=highpoint&name=Ljusnarsberg'>N6652553 E488740<\/a><\/td><td><div align=center>@famholmsten<\/div><\/td><td><div align='right'>Parkering: <a href='https:\/\/minkarta.lantmateriet.se\/plats\/3006\/v1.0\/?e=488200&n=6652503&z=12&mapprofile=bergodal&background=3&boundaries=false&category=parking&name=Ljusnarsberg'>N6652503 E488200<\/a><\/div><\/td>\n<\/tr><\/table>\n\n","protected":false},"excerpt":{"rendered":"<p>Vi bes\u00f6kte platsen 6 juni 2019. Framme vid toppen st\u00e5r flertal betongfundament som visar att det varit n\u00e5gon typ av verksamhet h\u00e4r. Rekommenderar \u00e4ven ett bes\u00f6k i&hellip;<\/p>\n<p> <a class=\"more-link\" href=\"https:\/\/famholmsten.se\/290kommuner\/290kommuner\/orebro-lan\/ljusnarsbergs-kommun-alvhojden\/\">L\u00e4s mer<\/a><\/p>\n","protected":false},"author":1,"featured_media":0,"parent":741,"menu_order":100,"comment_status":"closed","ping_status":"closed","template":"","meta":{"footnotes":""},"class_list":["post-932","page","type-page","status-publish"],"_links":{"self":[{"href":"https:\/\/famholmsten.se\/290kommuner\/wp-json\/wp\/v2\/pages\/932","targetHints":{"allow":["GET"]}}],"collection":[{"href":"https:\/\/famholmsten.se\/290kommuner\/wp-json\/wp\/v2\/pages"}],"about":[{"href":"https:\/\/famholmsten.se\/290kommuner\/wp-json\/wp\/v2\/types\/page"}],"author":[{"embeddable":true,"href":"https:\/\/famholmsten.se\/290kommuner\/wp-json\/wp\/v2\/users\/1"}],"replies":[{"embeddable":true,"href":"https:\/\/famholmsten.se\/290kommuner\/wp-json\/wp\/v2\/comments?post=932"}],"version-history":[{"count":1,"href":"https:\/\/famholmsten.se\/290kommuner\/wp-json\/wp\/v2\/pages\/932\/revisions"}],"predecessor-version":[{"id":4781,"href":"https:\/\/famholmsten.se\/290kommuner\/wp-json\/wp\/v2\/pages\/932\/revisions\/4781"}],"up":[{"embeddable":true,"href":"https:\/\/famholmsten.se\/290kommuner\/wp-json\/wp\/v2\/pages\/741"}],"wp:attachment":[{"href":"https:\/\/famholmsten.se\/290kommuner\/wp-json\/wp\/v2\/media?parent=932"}],"curies":[{"name":"wp","href":"https:\/\/api.w.org\/{rel}","templated":true}]}}